{"id":1158,"date":"2023-06-06T09:33:14","date_gmt":"2023-06-06T07:33:14","guid":{"rendered":"https:\/\/lejardindegwenn.fr\/?page_id=1158"},"modified":"2026-03-26T09:51:36","modified_gmt":"2026-03-26T08:51:36","slug":"brunch-box-brest","status":"publish","type":"page","link":"https:\/\/lejardindegwenn.fr\/index.php\/brunch-box-brest\/","title":{"rendered":"Brunch box"},"content":{"rendered":"<style>.wp-block-kadence-advancedheading.kt-adv-heading1158_3ab74d-92, .wp-block-kadence-advancedheading.kt-adv-heading1158_3ab74d-92[data-kb-block=\"kb-adv-heading1158_3ab74d-92\"]{text-align:center;font-size:40px;font-style:normal;font-family:\"Palatino Linotype\", \"Book Antiqua\", Palatino, serif;color:#506a4d;}.wp-block-kadence-advancedheading.kt-adv-heading1158_3ab74d-92 mark.kt-highlight, .wp-block-kadence-advancedheading.kt-adv-heading1158_3ab74d-92[data-kb-block=\"kb-adv-heading1158_3ab74d-92\"] mark.kt-highlight{font-style:normal;color:#f76a0c;-webkit-box-decoration-break:clone;box-decoration-break:clone;padding-top:0px;padding-right:0px;padding-bottom:0px;padding-left:0px;}<\/style>\n<h2 class=\"kt-adv-heading1158_3ab74d-92 wp-block-kadence-advancedheading\" data-kb-block=\"kb-adv-heading1158_3ab74d-92\">Notre Brunch Box<\/h2>\n\n\n<style>.wp-block-kadence-advancedheading.kt-adv-heading1158_3b4831-04, .wp-block-kadence-advancedheading.kt-adv-heading1158_3b4831-04[data-kb-block=\"kb-adv-heading1158_3b4831-04\"]{font-style:normal;}.wp-block-kadence-advancedheading.kt-adv-heading1158_3b4831-04 mark.kt-highlight, .wp-block-kadence-advancedheading.kt-adv-heading1158_3b4831-04[data-kb-block=\"kb-adv-heading1158_3b4831-04\"] mark.kt-highlight{font-style:normal;color:#f76a0c;-webkit-box-decoration-break:clone;box-decoration-break:clone;padding-top:0px;padding-right:0px;padding-bottom:0px;padding-left:0px;}<\/style>\n<p class=\"kt-adv-heading1158_3b4831-04 wp-block-kadence-advancedheading has-white-color has-text-color\" data-kb-block=\"kb-adv-heading1158_3b4831-04\">brunch box brest <\/p>\n\n\n<style>.wp-block-kadence-advancedheading.kt-adv-heading1158_d5524f-e1, .wp-block-kadence-advancedheading.kt-adv-heading1158_d5524f-e1[data-kb-block=\"kb-adv-heading1158_d5524f-e1\"]{text-align:center;font-size:20px;font-style:normal;font-family:\"Palatino Linotype\", \"Book Antiqua\", Palatino, serif;color:#506a4d;}.wp-block-kadence-advancedheading.kt-adv-heading1158_d5524f-e1 mark.kt-highlight, .wp-block-kadence-advancedheading.kt-adv-heading1158_d5524f-e1[data-kb-block=\"kb-adv-heading1158_d5524f-e1\"] mark.kt-highlight{font-style:normal;color:#f76a0c;-webkit-box-decoration-break:clone;box-decoration-break:clone;padding-top:0px;padding-right:0px;padding-bottom:0px;padding-left:0px;}<\/style>\n<p class=\"kt-adv-heading1158_d5524f-e1 wp-block-kadence-advancedheading\" data-kb-block=\"kb-adv-heading1158_d5524f-e1\">Nous vous proposons une <strong>Brunch Box \u00e0 emporter<\/strong>, disponible toutes les semaines <strong>du mardi au dimanche<\/strong>.<br>\u00c0 titre indicatif, elle se compose d\u2019un <strong>m\u00e9lange sucr\u00e9 et sal\u00e9<\/strong> :<br>Pour la partie sucr\u00e9e, retrouvez <strong>du fromage blanc accompagn\u00e9 de notre granola maison, une salade de fruits, le cookie du moment, des pancakes ainsi que des pots de chocolat et de caramel maison.<\/strong><br>Pour la partie sal\u00e9e, vous pourrez d\u00e9guster <strong>nos wraps et sandwichs du moment, ainsi que nos toasts du moment.<\/strong><br>La box comprend \u00e9galement <strong>deux boissons : bissap ou th\u00e9 glac\u00e9.<\/strong><br>\u2728 <strong>Tout est fait maison et r\u00e9alis\u00e9 avec des produits frais.<\/strong><br>Le contenu peut varier chaque semaine selon les inspirations et les produits de saison.<br>Notre Brunch Box se veut <strong>conviviale et g\u00e9n\u00e9reuse<\/strong> : elle s\u2019adapte parfaitement \u00e0 un brunch en famille, un moment de d\u00e9tente entre amis ou tout simplement <strong>une pause gourmande pour soi.<\/strong><br><br><\/p>\n\n\n<style>.wp-block-kadence-advancedheading.kt-adv-heading1158_9132cc-9b, .wp-block-kadence-advancedheading.kt-adv-heading1158_9132cc-9b[data-kb-block=\"kb-adv-heading1158_9132cc-9b\"]{text-align:center;font-size:var(--global-kb-font-size-md, 1.25rem);font-style:normal;font-family:\"Palatino Linotype\", \"Book Antiqua\", Palatino, serif;color:#506a4d;}.wp-block-kadence-advancedheading.kt-adv-heading1158_9132cc-9b mark.kt-highlight, .wp-block-kadence-advancedheading.kt-adv-heading1158_9132cc-9b[data-kb-block=\"kb-adv-heading1158_9132cc-9b\"] mark.kt-highlight{font-style:normal;color:#f76a0c;-webkit-box-decoration-break:clone;box-decoration-break:clone;padding-top:0px;padding-right:0px;padding-bottom:0px;padding-left:0px;}.wp-block-kadence-advancedheading.kt-adv-heading1158_9132cc-9b[data-kb-block=\"kb-adv-heading1158_9132cc-9b\"] a, .kt-adv-heading-link1158_9132cc-9b, .kt-adv-heading-link1158_9132cc-9b .kt-adv-heading1158_9132cc-9b[data-kb-block=\"kb-adv-heading1158_9132cc-9b\"]{color:#506a4d;}<\/style>\n<p class=\"kt-adv-heading1158_9132cc-9b wp-block-kadence-advancedheading\" data-kb-block=\"kb-adv-heading1158_9132cc-9b\">La grande box correspond \u00e0 2 personnes et co\u00fbte 46\u20ac00TTC, le format individuel est \u00e0 24\u20ac00TTC. R\u00e9servation en <strong>click&amp;collect<\/strong> en cliquant<a href=\"https:\/\/lejardindegwenn.fr\/index.php\/commande-en-ligne\/\"> ici<\/a>, sinon par t\u00e9l\u00e9phone au 02 56 31 86 01 sur les heures d&rsquo;ouvertures de la p\u00e2tisserie, du mardi au dimanche \u00e0 la p\u00e2tisserie au 1 rue St Martin. <\/p>\n\n\n\n<figure class=\"wp-block-gallery alignwide has-nested-images columns-default is-cropped wp-block-gallery-1 is-layout-flex wp-block-gallery-is-layout-flex\">\n<figure class=\"wp-block-image size-full\"><img decoding=\"async\" data-id=\"5334\" data-src=\"https:\/\/lejardindegwenn.fr\/wp-content\/uploads\/2026\/03\/Brunch-2.jpg\" alt=\"box brunch\" class=\"wp-image-5334 lazyload\" src=\"data:image\/svg+xml;base64,PHN2ZyB3aWR0aD0iMSIgaGVpZ2h0PSIxIiB4bWxucz0iaHR0cDovL3d3dy53My5vcmcvMjAwMC9zdmciPjwvc3ZnPg==\" style=\"--smush-placeholder-width: 4000px; --smush-placeholder-aspect-ratio: 4000\/6000;\" \/><\/figure>\n\n\n\n<figure class=\"wp-block-image size-full\"><img decoding=\"async\" data-id=\"5335\" data-src=\"https:\/\/lejardindegwenn.fr\/wp-content\/uploads\/2026\/03\/Brunch-6.jpg\" alt=\"Box brunch\" class=\"wp-image-5335 lazyload\" src=\"data:image\/svg+xml;base64,PHN2ZyB3aWR0aD0iMSIgaGVpZ2h0PSIxIiB4bWxucz0iaHR0cDovL3d3dy53My5vcmcvMjAwMC9zdmciPjwvc3ZnPg==\" style=\"--smush-placeholder-width: 4000px; --smush-placeholder-aspect-ratio: 4000\/6000;\" \/><\/figure>\n<\/figure>\n\n\n<style>.wp-block-kadence-advancedheading.kt-adv-heading1158_632cf4-ac, .wp-block-kadence-advancedheading.kt-adv-heading1158_632cf4-ac[data-kb-block=\"kb-adv-heading1158_632cf4-ac\"]{text-align:center;font-size:var(--global-kb-font-size-md, 1.25rem);font-style:normal;font-family:\"Palatino Linotype\", \"Book Antiqua\", Palatino, serif;color:#506a4d;}.wp-block-kadence-advancedheading.kt-adv-heading1158_632cf4-ac mark.kt-highlight, .wp-block-kadence-advancedheading.kt-adv-heading1158_632cf4-ac[data-kb-block=\"kb-adv-heading1158_632cf4-ac\"] mark.kt-highlight{font-style:normal;color:#f76a0c;-webkit-box-decoration-break:clone;box-decoration-break:clone;padding-top:0px;padding-right:0px;padding-bottom:0px;padding-left:0px;}.wp-block-kadence-advancedheading.kt-adv-heading1158_632cf4-ac[data-kb-block=\"kb-adv-heading1158_632cf4-ac\"] a, .kt-adv-heading-link1158_632cf4-ac, .kt-adv-heading-link1158_632cf4-ac .kt-adv-heading1158_632cf4-ac[data-kb-block=\"kb-adv-heading1158_632cf4-ac\"]{color:#506a4d;}<\/style>\n<p class=\"kt-adv-heading1158_632cf4-ac wp-block-kadence-advancedheading\" data-kb-block=\"kb-adv-heading1158_632cf4-ac\">Nous proposons \u00e9galement un brunch sur place, au restaurant. Pour plus de renseignements, cliquez <a href=\"https:\/\/lejardindegwenn.fr\/index.php\/brunch\/\">ici<\/a>.<\/p>\n\n\n\n<ul class=\"wp-block-social-links is-content-justification-center is-layout-flex wp-container-core-social-links-is-layout-16018d1d wp-block-social-links-is-layout-flex\"><li class=\"wp-social-link wp-social-link-facebook  wp-block-social-link\"><a href=\"https:\/\/www.facebook.com\/lejardindegwenn\/?locale=fr_FR\" class=\"wp-block-social-link-anchor\"><svg width=\"24\" height=\"24\" viewBox=\"0 0 24 24\" version=\"1.1\" xmlns=\"http:\/\/www.w3.org\/2000\/svg\" aria-hidden=\"true\" focusable=\"false\"><path d=\"M12 2C6.5 2 2 6.5 2 12c0 5 3.7 9.1 8.4 9.9v-7H7.9V12h2.5V9.8c0-2.5 1.5-3.9 3.8-3.9 1.1 0 2.2.2 2.2.2v2.5h-1.3c-1.2 0-1.6.8-1.6 1.6V12h2.8l-.4 2.9h-2.3v7C18.3 21.1 22 17 22 12c0-5.5-4.5-10-10-10z\"><\/path><\/svg><span class=\"wp-block-social-link-label screen-reader-text\">Facebook<\/span><\/a><\/li>\n\n<li class=\"wp-social-link wp-social-link-instagram  wp-block-social-link\"><a href=\"https:\/\/www.instagram.com\/le_jardin_de_gwenn\/?hl=fr\" class=\"wp-block-social-link-anchor\"><svg width=\"24\" height=\"24\" viewBox=\"0 0 24 24\" version=\"1.1\" xmlns=\"http:\/\/www.w3.org\/2000\/svg\" aria-hidden=\"true\" focusable=\"false\"><path d=\"M12,4.622c2.403,0,2.688,0.009,3.637,0.052c0.877,0.04,1.354,0.187,1.671,0.31c0.42,0.163,0.72,0.358,1.035,0.673 c0.315,0.315,0.51,0.615,0.673,1.035c0.123,0.317,0.27,0.794,0.31,1.671c0.043,0.949,0.052,1.234,0.052,3.637 s-0.009,2.688-0.052,3.637c-0.04,0.877-0.187,1.354-0.31,1.671c-0.163,0.42-0.358,0.72-0.673,1.035 c-0.315,0.315-0.615,0.51-1.035,0.673c-0.317,0.123-0.794,0.27-1.671,0.31c-0.949,0.043-1.233,0.052-3.637,0.052 s-2.688-0.009-3.637-0.052c-0.877-0.04-1.354-0.187-1.671-0.31c-0.42-0.163-0.72-0.358-1.035-0.673 c-0.315-0.315-0.51-0.615-0.673-1.035c-0.123-0.317-0.27-0.794-0.31-1.671C4.631,14.688,4.622,14.403,4.622,12 s0.009-2.688,0.052-3.637c0.04-0.877,0.187-1.354,0.31-1.671c0.163-0.42,0.358-0.72,0.673-1.035 c0.315-0.315,0.615-0.51,1.035-0.673c0.317-0.123,0.794-0.27,1.671-0.31C9.312,4.631,9.597,4.622,12,4.622 M12,3 C9.556,3,9.249,3.01,8.289,3.054C7.331,3.098,6.677,3.25,6.105,3.472C5.513,3.702,5.011,4.01,4.511,4.511 c-0.5,0.5-0.808,1.002-1.038,1.594C3.25,6.677,3.098,7.331,3.054,8.289C3.01,9.249,3,9.556,3,12c0,2.444,0.01,2.751,0.054,3.711 c0.044,0.958,0.196,1.612,0.418,2.185c0.23,0.592,0.538,1.094,1.038,1.594c0.5,0.5,1.002,0.808,1.594,1.038 c0.572,0.222,1.227,0.375,2.185,0.418C9.249,20.99,9.556,21,12,21s2.751-0.01,3.711-0.054c0.958-0.044,1.612-0.196,2.185-0.418 c0.592-0.23,1.094-0.538,1.594-1.038c0.5-0.5,0.808-1.002,1.038-1.594c0.222-0.572,0.375-1.227,0.418-2.185 C20.99,14.751,21,14.444,21,12s-0.01-2.751-0.054-3.711c-0.044-0.958-0.196-1.612-0.418-2.185c-0.23-0.592-0.538-1.094-1.038-1.594 c-0.5-0.5-1.002-0.808-1.594-1.038c-0.572-0.222-1.227-0.375-2.185-0.418C14.751,3.01,14.444,3,12,3L12,3z M12,7.378 c-2.552,0-4.622,2.069-4.622,4.622S9.448,16.622,12,16.622s4.622-2.069,4.622-4.622S14.552,7.378,12,7.378z M12,15 c-1.657,0-3-1.343-3-3s1.343-3,3-3s3,1.343,3,3S13.657,15,12,15z M16.804,6.116c-0.596,0-1.08,0.484-1.08,1.08 s0.484,1.08,1.08,1.08c0.596,0,1.08-0.484,1.08-1.08S17.401,6.116,16.804,6.116z\"><\/path><\/svg><span class=\"wp-block-social-link-label screen-reader-text\">Instagram<\/span><\/a><\/li><\/ul>\n","protected":false},"excerpt":{"rendered":"<p>Notre Brunch Box brunch box brest Nous vous proposons une Brunch Box \u00e0 emporter, disponible toutes les semaines du mardi au dimanche.\u00c0 titre indicatif, elle se compose d\u2019un m\u00e9lange sucr\u00e9 et sal\u00e9 :Pour la partie sucr\u00e9e, retrouvez du fromage blanc accompagn\u00e9 de notre granola maison, une salade de fruits, le cookie du moment, des pancakes &hellip; <\/p>\n<p class=\"link-more\"><a href=\"https:\/\/lejardindegwenn.fr\/index.php\/brunch-box-brest\/\" class=\"more-link\">Lire la suite de<span class=\"screen-reader-text\">\u00ab\u00a0Brunch box\u00a0\u00bb<\/span><\/a><\/p>\n","protected":false},"author":1,"featured_media":0,"parent":0,"menu_order":0,"comment_status":"closed","ping_status":"closed","template":"","meta":{"_monsterinsights_skip_tracking":false,"_monsterinsights_sitenote_active":false,"_monsterinsights_sitenote_note":"","_monsterinsights_sitenote_category":0,"footnotes":""},"class_list":["post-1158","page","type-page","status-publish","hentry"],"yoast_head":"<!-- This site is optimized with the Yoast SEO plugin v26.1.1 - https:\/\/yoast.com\/wordpress\/plugins\/seo\/ -->\n<title>Brunch Box Brest - Le Jardin de Gwenn<\/title>\n<meta name=\"description\" content=\"D\u00e9couvrez notre Brunch Box brest. Un assortiment vari\u00e9 de produits sucr\u00e9s\/sal\u00e9s. Tout est fait maison et de fa\u00e7on \u00e0 ravir vos papilles.\" \/>\n<meta name=\"robots\" content=\"index, follow, max-snippet:-1, max-image-preview:large, max-video-preview:-1\" \/>\n<link rel=\"canonical\" href=\"https:\/\/lejardindegwenn.fr\/index.php\/brunch-box-brest\/\" \/>\n<meta property=\"og:locale\" content=\"fr_FR\" \/>\n<meta property=\"og:type\" content=\"article\" \/>\n<meta property=\"og:title\" content=\"Brunch Box Brest - Le Jardin de Gwenn\" \/>\n<meta property=\"og:description\" content=\"D\u00e9couvrez notre Brunch Box brest. Un assortiment vari\u00e9 de produits sucr\u00e9s\/sal\u00e9s. Tout est fait maison et de fa\u00e7on \u00e0 ravir vos papilles.\" \/>\n<meta property=\"og:url\" content=\"https:\/\/lejardindegwenn.fr\/index.php\/brunch-box-brest\/\" \/>\n<meta property=\"og:site_name\" content=\"Le Jardin de Gwenn\" \/>\n<meta property=\"article:publisher\" content=\"https:\/\/www.facebook.com\/lejardindegwenn\/?locale=fr_FR\" \/>\n<meta property=\"article:modified_time\" content=\"2026-03-26T08:51:36+00:00\" \/>\n<meta property=\"og:image\" content=\"https:\/\/lejardindegwenn.fr\/wp-content\/uploads\/2026\/03\/Brunch-2.jpg\" \/>\n\t<meta property=\"og:image:width\" content=\"1\" \/>\n\t<meta property=\"og:image:height\" content=\"1\" \/>\n\t<meta property=\"og:image:type\" content=\"image\/jpeg\" \/>\n<meta name=\"twitter:card\" content=\"summary_large_image\" \/>\n<meta name=\"twitter:label1\" content=\"Dur\u00e9e de lecture estim\u00e9e\" \/>\n\t<meta name=\"twitter:data1\" content=\"2 minutes\" \/>\n<script type=\"application\/ld+json\" class=\"yoast-schema-graph\">{\"@context\":\"https:\/\/schema.org\",\"@graph\":[{\"@type\":\"WebPage\",\"@id\":\"https:\/\/lejardindegwenn.fr\/index.php\/brunch-box-brest\/\",\"url\":\"https:\/\/lejardindegwenn.fr\/index.php\/brunch-box-brest\/\",\"name\":\"Brunch Box Brest - Le Jardin de Gwenn\",\"isPartOf\":{\"@id\":\"https:\/\/lejardindegwenn.fr\/#website\"},\"primaryImageOfPage\":{\"@id\":\"https:\/\/lejardindegwenn.fr\/index.php\/brunch-box-brest\/#primaryimage\"},\"image\":{\"@id\":\"https:\/\/lejardindegwenn.fr\/index.php\/brunch-box-brest\/#primaryimage\"},\"thumbnailUrl\":\"https:\/\/lejardindegwenn.fr\/wp-content\/uploads\/2026\/03\/Brunch-2.jpg\",\"datePublished\":\"2023-06-06T07:33:14+00:00\",\"dateModified\":\"2026-03-26T08:51:36+00:00\",\"description\":\"D\u00e9couvrez notre Brunch Box brest. Un assortiment vari\u00e9 de produits sucr\u00e9s\/sal\u00e9s. Tout est fait maison et de fa\u00e7on \u00e0 ravir vos papilles.\",\"breadcrumb\":{\"@id\":\"https:\/\/lejardindegwenn.fr\/index.php\/brunch-box-brest\/#breadcrumb\"},\"inLanguage\":\"fr-FR\",\"potentialAction\":[{\"@type\":\"ReadAction\",\"target\":[\"https:\/\/lejardindegwenn.fr\/index.php\/brunch-box-brest\/\"]}]},{\"@type\":\"ImageObject\",\"inLanguage\":\"fr-FR\",\"@id\":\"https:\/\/lejardindegwenn.fr\/index.php\/brunch-box-brest\/#primaryimage\",\"url\":\"https:\/\/lejardindegwenn.fr\/wp-content\/uploads\/2026\/03\/Brunch-2.jpg\",\"contentUrl\":\"https:\/\/lejardindegwenn.fr\/wp-content\/uploads\/2026\/03\/Brunch-2.jpg\",\"caption\":\"box brunch\"},{\"@type\":\"BreadcrumbList\",\"@id\":\"https:\/\/lejardindegwenn.fr\/index.php\/brunch-box-brest\/#breadcrumb\",\"itemListElement\":[{\"@type\":\"ListItem\",\"position\":1,\"name\":\"Accueil\",\"item\":\"https:\/\/lejardindegwenn.fr\/\"},{\"@type\":\"ListItem\",\"position\":2,\"name\":\"Brunch box\"}]},{\"@type\":\"WebSite\",\"@id\":\"https:\/\/lejardindegwenn.fr\/#website\",\"url\":\"https:\/\/lejardindegwenn.fr\/\",\"name\":\"Le Jardin de Gwenn\",\"description\":\"Restaurant @ P\u00e2tisserie \u00e0 Brest\",\"publisher\":{\"@id\":\"https:\/\/lejardindegwenn.fr\/#organization\"},\"potentialAction\":[{\"@type\":\"SearchAction\",\"target\":{\"@type\":\"EntryPoint\",\"urlTemplate\":\"https:\/\/lejardindegwenn.fr\/?s={search_term_string}\"},\"query-input\":{\"@type\":\"PropertyValueSpecification\",\"valueRequired\":true,\"valueName\":\"search_term_string\"}}],\"inLanguage\":\"fr-FR\"},{\"@type\":\"Organization\",\"@id\":\"https:\/\/lejardindegwenn.fr\/#organization\",\"name\":\"Le Jardin de Gwenn\",\"url\":\"https:\/\/lejardindegwenn.fr\/\",\"logo\":{\"@type\":\"ImageObject\",\"inLanguage\":\"fr-FR\",\"@id\":\"https:\/\/lejardindegwenn.fr\/#\/schema\/logo\/image\/\",\"url\":\"https:\/\/lejardindegwenn.fr\/wp-content\/uploads\/2022\/12\/cropped-Logo-jdg-.png\",\"contentUrl\":\"https:\/\/lejardindegwenn.fr\/wp-content\/uploads\/2022\/12\/cropped-Logo-jdg-.png\",\"width\":615,\"height\":406,\"caption\":\"Le Jardin de Gwenn\"},\"image\":{\"@id\":\"https:\/\/lejardindegwenn.fr\/#\/schema\/logo\/image\/\"},\"sameAs\":[\"https:\/\/www.facebook.com\/lejardindegwenn\/?locale=fr_FR\",\"https:\/\/www.instagram.com\/le_jardin_de_gwenn\/?hl=fr\"]}]}<\/script>\n<!-- \/ Yoast SEO plugin. -->","yoast_head_json":{"title":"Brunch Box Brest - Le Jardin de Gwenn","description":"D\u00e9couvrez notre Brunch Box brest. Un assortiment vari\u00e9 de produits sucr\u00e9s\/sal\u00e9s. Tout est fait maison et de fa\u00e7on \u00e0 ravir vos papilles.","robots":{"index":"index","follow":"follow","max-snippet":"max-snippet:-1","max-image-preview":"max-image-preview:large","max-video-preview":"max-video-preview:-1"},"canonical":"https:\/\/lejardindegwenn.fr\/index.php\/brunch-box-brest\/","og_locale":"fr_FR","og_type":"article","og_title":"Brunch Box Brest - Le Jardin de Gwenn","og_description":"D\u00e9couvrez notre Brunch Box brest. Un assortiment vari\u00e9 de produits sucr\u00e9s\/sal\u00e9s. Tout est fait maison et de fa\u00e7on \u00e0 ravir vos papilles.","og_url":"https:\/\/lejardindegwenn.fr\/index.php\/brunch-box-brest\/","og_site_name":"Le Jardin de Gwenn","article_publisher":"https:\/\/www.facebook.com\/lejardindegwenn\/?locale=fr_FR","article_modified_time":"2026-03-26T08:51:36+00:00","og_image":[{"url":"https:\/\/lejardindegwenn.fr\/wp-content\/uploads\/2026\/03\/Brunch-2.jpg","width":1,"height":1,"type":"image\/jpeg"}],"twitter_card":"summary_large_image","twitter_misc":{"Dur\u00e9e de lecture estim\u00e9e":"2 minutes"},"schema":{"@context":"https:\/\/schema.org","@graph":[{"@type":"WebPage","@id":"https:\/\/lejardindegwenn.fr\/index.php\/brunch-box-brest\/","url":"https:\/\/lejardindegwenn.fr\/index.php\/brunch-box-brest\/","name":"Brunch Box Brest - Le Jardin de Gwenn","isPartOf":{"@id":"https:\/\/lejardindegwenn.fr\/#website"},"primaryImageOfPage":{"@id":"https:\/\/lejardindegwenn.fr\/index.php\/brunch-box-brest\/#primaryimage"},"image":{"@id":"https:\/\/lejardindegwenn.fr\/index.php\/brunch-box-brest\/#primaryimage"},"thumbnailUrl":"https:\/\/lejardindegwenn.fr\/wp-content\/uploads\/2026\/03\/Brunch-2.jpg","datePublished":"2023-06-06T07:33:14+00:00","dateModified":"2026-03-26T08:51:36+00:00","description":"D\u00e9couvrez notre Brunch Box brest. Un assortiment vari\u00e9 de produits sucr\u00e9s\/sal\u00e9s. Tout est fait maison et de fa\u00e7on \u00e0 ravir vos papilles.","breadcrumb":{"@id":"https:\/\/lejardindegwenn.fr\/index.php\/brunch-box-brest\/#breadcrumb"},"inLanguage":"fr-FR","potentialAction":[{"@type":"ReadAction","target":["https:\/\/lejardindegwenn.fr\/index.php\/brunch-box-brest\/"]}]},{"@type":"ImageObject","inLanguage":"fr-FR","@id":"https:\/\/lejardindegwenn.fr\/index.php\/brunch-box-brest\/#primaryimage","url":"https:\/\/lejardindegwenn.fr\/wp-content\/uploads\/2026\/03\/Brunch-2.jpg","contentUrl":"https:\/\/lejardindegwenn.fr\/wp-content\/uploads\/2026\/03\/Brunch-2.jpg","caption":"box brunch"},{"@type":"BreadcrumbList","@id":"https:\/\/lejardindegwenn.fr\/index.php\/brunch-box-brest\/#breadcrumb","itemListElement":[{"@type":"ListItem","position":1,"name":"Accueil","item":"https:\/\/lejardindegwenn.fr\/"},{"@type":"ListItem","position":2,"name":"Brunch box"}]},{"@type":"WebSite","@id":"https:\/\/lejardindegwenn.fr\/#website","url":"https:\/\/lejardindegwenn.fr\/","name":"Le Jardin de Gwenn","description":"Restaurant @ P\u00e2tisserie \u00e0 Brest","publisher":{"@id":"https:\/\/lejardindegwenn.fr\/#organization"},"potentialAction":[{"@type":"SearchAction","target":{"@type":"EntryPoint","urlTemplate":"https:\/\/lejardindegwenn.fr\/?s={search_term_string}"},"query-input":{"@type":"PropertyValueSpecification","valueRequired":true,"valueName":"search_term_string"}}],"inLanguage":"fr-FR"},{"@type":"Organization","@id":"https:\/\/lejardindegwenn.fr\/#organization","name":"Le Jardin de Gwenn","url":"https:\/\/lejardindegwenn.fr\/","logo":{"@type":"ImageObject","inLanguage":"fr-FR","@id":"https:\/\/lejardindegwenn.fr\/#\/schema\/logo\/image\/","url":"https:\/\/lejardindegwenn.fr\/wp-content\/uploads\/2022\/12\/cropped-Logo-jdg-.png","contentUrl":"https:\/\/lejardindegwenn.fr\/wp-content\/uploads\/2022\/12\/cropped-Logo-jdg-.png","width":615,"height":406,"caption":"Le Jardin de Gwenn"},"image":{"@id":"https:\/\/lejardindegwenn.fr\/#\/schema\/logo\/image\/"},"sameAs":["https:\/\/www.facebook.com\/lejardindegwenn\/?locale=fr_FR","https:\/\/www.instagram.com\/le_jardin_de_gwenn\/?hl=fr"]}]}},"jetpack_sharing_enabled":true,"_links":{"self":[{"href":"https:\/\/lejardindegwenn.fr\/index.php\/wp-json\/wp\/v2\/pages\/1158","targetHints":{"allow":["GET"]}}],"collection":[{"href":"https:\/\/lejardindegwenn.fr\/index.php\/wp-json\/wp\/v2\/pages"}],"about":[{"href":"https:\/\/lejardindegwenn.fr\/index.php\/wp-json\/wp\/v2\/types\/page"}],"author":[{"embeddable":true,"href":"https:\/\/lejardindegwenn.fr\/index.php\/wp-json\/wp\/v2\/users\/1"}],"replies":[{"embeddable":true,"href":"https:\/\/lejardindegwenn.fr\/index.php\/wp-json\/wp\/v2\/comments?post=1158"}],"version-history":[{"count":35,"href":"https:\/\/lejardindegwenn.fr\/index.php\/wp-json\/wp\/v2\/pages\/1158\/revisions"}],"predecessor-version":[{"id":5340,"href":"https:\/\/lejardindegwenn.fr\/index.php\/wp-json\/wp\/v2\/pages\/1158\/revisions\/5340"}],"wp:attachment":[{"href":"https:\/\/lejardindegwenn.fr\/index.php\/wp-json\/wp\/v2\/media?parent=1158"}],"curies":[{"name":"wp","href":"https:\/\/api.w.org\/{rel}","templated":true}]}}