{"id":1941,"date":"2023-12-18T14:54:55","date_gmt":"2023-12-18T13:54:55","guid":{"rendered":"https:\/\/lejardindegwenn.fr\/?page_id=1941"},"modified":"2025-10-08T13:15:04","modified_gmt":"2025-10-08T11:15:04","slug":"plateau-de-crudites-brest","status":"publish","type":"page","link":"https:\/\/lejardindegwenn.fr\/index.php\/plateau-de-crudites-brest\/","title":{"rendered":"Plateau de crudit\u00e9s"},"content":{"rendered":"<style>.wp-block-kadence-advancedheading.kt-adv-heading1941_1f756e-0f, .wp-block-kadence-advancedheading.kt-adv-heading1941_1f756e-0f[data-kb-block=\"kb-adv-heading1941_1f756e-0f\"]{text-align:center;font-size:var(--global-kb-font-size-xl, 3rem);font-style:normal;font-family:\"Palatino Linotype\", \"Book Antiqua\", Palatino, serif;color:#506a4d;}.wp-block-kadence-advancedheading.kt-adv-heading1941_1f756e-0f mark.kt-highlight, .wp-block-kadence-advancedheading.kt-adv-heading1941_1f756e-0f[data-kb-block=\"kb-adv-heading1941_1f756e-0f\"] mark.kt-highlight{font-style:normal;color:#f76a0c;-webkit-box-decoration-break:clone;box-decoration-break:clone;padding-top:0px;padding-right:0px;padding-bottom:0px;padding-left:0px;}<\/style>\n<h2 class=\"kt-adv-heading1941_1f756e-0f wp-block-kadence-advancedheading\" data-kb-block=\"kb-adv-heading1941_1f756e-0f\">PLATEAU DE CRUDIT<strong>\u00c9<\/strong>S<\/h2>\n\n\n<style>.wp-block-kadence-advancedheading.kt-adv-heading1941_ec6f31-18, .wp-block-kadence-advancedheading.kt-adv-heading1941_ec6f31-18[data-kb-block=\"kb-adv-heading1941_ec6f31-18\"]{text-align:center;font-size:var(--global-kb-font-size-md, 1.25rem);font-style:normal;font-family:\"Palatino Linotype\", \"Book Antiqua\", Palatino, serif;color:#30462e;}.wp-block-kadence-advancedheading.kt-adv-heading1941_ec6f31-18 mark.kt-highlight, .wp-block-kadence-advancedheading.kt-adv-heading1941_ec6f31-18[data-kb-block=\"kb-adv-heading1941_ec6f31-18\"] mark.kt-highlight{font-style:normal;color:#f76a0c;-webkit-box-decoration-break:clone;box-decoration-break:clone;padding-top:0px;padding-right:0px;padding-bottom:0px;padding-left:0px;}<\/style>\n<p class=\"kt-adv-heading1941_ec6f31-18 wp-block-kadence-advancedheading\" data-kb-block=\"kb-adv-heading1941_ec6f31-18\"><em> Vous recherchez une option saine, conviviale et color\u00e9e pour vos r\u00e9ceptions sur Brest ? Notre plateau de crudit\u00e9s est la solution id\u00e9ale. Que ce soit pour un \u00e9v\u00e9nement d\u2019entreprise, un cocktail entre coll\u00e8gues, un ap\u00e9ritif dinatoire ou tout simplement un moment gourmand en famille ou entre amis.<\/em><\/p>\n\n\n\n<figure class=\"wp-block-gallery has-nested-images columns-default is-cropped wp-block-gallery-1 is-layout-flex wp-block-gallery-is-layout-flex\">\n<figure class=\"wp-block-image size-large\"><img decoding=\"async\" data-id=\"4713\" data-src=\"https:\/\/lejardindegwenn.fr\/wp-content\/uploads\/2025\/09\/alegumes3.jpg\" alt=\"plateau crudit\u00e9s l\u00e9gumes brest\" class=\"wp-image-4713 lazyload\" src=\"data:image\/svg+xml;base64,PHN2ZyB3aWR0aD0iMSIgaGVpZ2h0PSIxIiB4bWxucz0iaHR0cDovL3d3dy53My5vcmcvMjAwMC9zdmciPjwvc3ZnPg==\" style=\"--smush-placeholder-width: 4000px; --smush-placeholder-aspect-ratio: 4000\/6000;\" \/><\/figure>\n\n\n\n<figure class=\"wp-block-image size-large\"><img fetchpriority=\"high\" decoding=\"async\" width=\"1707\" height=\"2560\" data-id=\"4714\" src=\"https:\/\/lejardindegwenn.fr\/wp-content\/uploads\/2025\/09\/alzgumeq1-2-scaled.jpg\" alt=\"plateau crudit\u00e9s l\u00e9gumes brest\" class=\"wp-image-4714\" srcset=\"https:\/\/lejardindegwenn.fr\/wp-content\/uploads\/2025\/09\/alzgumeq1-2-scaled.jpg 1707w, https:\/\/lejardindegwenn.fr\/wp-content\/uploads\/2025\/09\/alzgumeq1-2-200x300.jpg 200w\" sizes=\"(max-width: 1707px) 100vw, 1707px\" \/><\/figure>\n\n\n\n<figure class=\"wp-block-image size-large\"><img decoding=\"async\" data-id=\"4712\" data-src=\"https:\/\/lejardindegwenn.fr\/wp-content\/uploads\/2025\/09\/alegumes.jpg\" alt=\"plateau crudit\u00e9s l\u00e9gumes brest\" class=\"wp-image-4712 lazyload\" src=\"data:image\/svg+xml;base64,PHN2ZyB3aWR0aD0iMSIgaGVpZ2h0PSIxIiB4bWxucz0iaHR0cDovL3d3dy53My5vcmcvMjAwMC9zdmciPjwvc3ZnPg==\" style=\"--smush-placeholder-width: 4000px; --smush-placeholder-aspect-ratio: 4000\/6000;\" \/><\/figure>\n<\/figure>\n\n\n<style>.wp-block-kadence-advancedheading.kt-adv-heading1941_9c6d8f-c4, .wp-block-kadence-advancedheading.kt-adv-heading1941_9c6d8f-c4[data-kb-block=\"kb-adv-heading1941_9c6d8f-c4\"]{text-align:center;font-size:var(--global-kb-font-size-md, 1.25rem);font-style:normal;font-family:\"Palatino Linotype\", \"Book Antiqua\", Palatino, serif;color:#0b3023;}.wp-block-kadence-advancedheading.kt-adv-heading1941_9c6d8f-c4 mark.kt-highlight, .wp-block-kadence-advancedheading.kt-adv-heading1941_9c6d8f-c4[data-kb-block=\"kb-adv-heading1941_9c6d8f-c4\"] mark.kt-highlight{font-style:normal;color:#f76a0c;-webkit-box-decoration-break:clone;box-decoration-break:clone;padding-top:0px;padding-right:0px;padding-bottom:0px;padding-left:0px;}<\/style>\n<p class=\"kt-adv-heading1941_9c6d8f-c4 wp-block-kadence-advancedheading\" data-kb-block=\"kb-adv-heading1941_9c6d8f-c4\"><br>\u00c9labor\u00e9 avec des l\u00e9gumes de saison soigneusement s\u00e9lectionn\u00e9s, ce plateau s\u00e9duit autant par sa fra\u00eecheur que par sa vari\u00e9t\u00e9. En effet, vous y trouverez un bel assortiment de crudit\u00e9s. Notamment des carottes croquantes, des radis savoureux, des fleurettes de chou-fleur d\u00e9licatement pr\u00e9par\u00e9es, des tomates cerises et d\u2019autres l\u00e9gumes de saison. N\u00e9anmoins, la composition peut varier selon la disponibilit\u00e9 des l\u00e9gumes. Chaque produit est choisi pour sa qualit\u00e9, son go\u00fbt et sa fra\u00eecheur, afin d\u2019offrir une exp\u00e9rience gustative saine et l\u00e9g\u00e8re.<br>Ce plateau est pens\u00e9 pour r\u00e9galer 10 personnes, \u00e0 partager facilement autour d\u2019une table. Sa pr\u00e9sentation \u00e9l\u00e9gante et color\u00e9e en fait un v\u00e9ritable atout visuel. En effet, ce dernier mettra en valeur vos buffets et ravira vos invit\u00e9s. Parfaitement adapt\u00e9e aux particuliers soucieux d\u2019une alimentation saine, comme aux entreprises d\u00e9sireuses d\u2019offrir une alternative fra\u00eeche et vitamin\u00e9e lors de leurs \u00e9v\u00e9nements.<br>Pour accompagner ces l\u00e9gumes, nous vous proposons trois tartinades faites maison : tomate confites, guacamole et cr\u00e8me aill\u00e9e.  Ces accompagnements apportent une touche gourmande suppl\u00e9mentaire et subliment la simplicit\u00e9 des crudit\u00e9s.<\/p>\n\n\n<style>.wp-block-kadence-advancedheading.kt-adv-heading1941_abca7b-ae, .wp-block-kadence-advancedheading.kt-adv-heading1941_abca7b-ae[data-kb-block=\"kb-adv-heading1941_abca7b-ae\"]{text-align:center;font-size:var(--global-kb-font-size-md, 1.25rem);font-style:normal;font-family:\"Palatino Linotype\", \"Book Antiqua\", Palatino, serif;color:#0c553c;}.wp-block-kadence-advancedheading.kt-adv-heading1941_abca7b-ae mark.kt-highlight, .wp-block-kadence-advancedheading.kt-adv-heading1941_abca7b-ae[data-kb-block=\"kb-adv-heading1941_abca7b-ae\"] mark.kt-highlight{font-style:normal;color:#f76a0c;-webkit-box-decoration-break:clone;box-decoration-break:clone;padding-top:0px;padding-right:0px;padding-bottom:0px;padding-left:0px;}<\/style>\n<p class=\"kt-adv-heading1941_abca7b-ae wp-block-kadence-advancedheading\" data-kb-block=\"kb-adv-heading1941_abca7b-ae\">Tarif plateau de 10personnes = 50\u20ac. P<strong>our commander<\/strong> : contactez-nous au <strong>02 56 31 86 01<\/strong> ou rendez-vous directement sur place au <strong>1 rue Saint Martin<\/strong>. Pour une demande traiteur : envoyez-nous un mail  <strong>lejardindegwennpatisserie@gmail.com<\/strong><\/p>\n\n\n<style>.wp-block-kadence-advancedheading.kt-adv-heading1941_28f169-07, .wp-block-kadence-advancedheading.kt-adv-heading1941_28f169-07[data-kb-block=\"kb-adv-heading1941_28f169-07\"]{text-align:center;font-size:var(--global-kb-font-size-md, 1.25rem);font-style:normal;font-family:\"Palatino Linotype\", \"Book Antiqua\", Palatino, serif;color:#123d2d;}.wp-block-kadence-advancedheading.kt-adv-heading1941_28f169-07 mark.kt-highlight, .wp-block-kadence-advancedheading.kt-adv-heading1941_28f169-07[data-kb-block=\"kb-adv-heading1941_28f169-07\"] mark.kt-highlight{font-style:normal;color:#f76a0c;-webkit-box-decoration-break:clone;box-decoration-break:clone;padding-top:0px;padding-right:0px;padding-bottom:0px;padding-left:0px;}<\/style>\n<p class=\"kt-adv-heading1941_28f169-07 wp-block-kadence-advancedheading\" data-kb-block=\"kb-adv-heading1941_28f169-07\"><br><em>Frais, \u00e9quilibr\u00e9 et convivial, ce plateau de crudit\u00e9s est une invitation \u00e0 partager des instants savoureux tout en prenant soin de soi. Commandez d\u00e8s aujourd\u2019hui et faites de vos r\u00e9ceptions un moment color\u00e9, sain et gourmand !<\/em><\/p>\n\n\n<style>.wp-block-kadence-advancedheading.kt-adv-heading1941_4b6424-ac, .wp-block-kadence-advancedheading.kt-adv-heading1941_4b6424-ac[data-kb-block=\"kb-adv-heading1941_4b6424-ac\"]{text-align:center;font-size:var(--global-kb-font-size-md, 1.25rem);font-style:normal;font-family:\"Palatino Linotype\", \"Book Antiqua\", Palatino, serif;color:#114930;}.wp-block-kadence-advancedheading.kt-adv-heading1941_4b6424-ac mark.kt-highlight, .wp-block-kadence-advancedheading.kt-adv-heading1941_4b6424-ac[data-kb-block=\"kb-adv-heading1941_4b6424-ac\"] mark.kt-highlight{font-style:normal;color:#f76a0c;-webkit-box-decoration-break:clone;box-decoration-break:clone;padding-top:0px;padding-right:0px;padding-bottom:0px;padding-left:0px;}<\/style>\n<p class=\"kt-adv-heading1941_4b6424-ac wp-block-kadence-advancedheading\" data-kb-block=\"kb-adv-heading1941_4b6424-ac\"><\/p>\n\n\n<style>.wp-block-kadence-advancedheading.kt-adv-heading1941_8c142d-9d, .wp-block-kadence-advancedheading.kt-adv-heading1941_8c142d-9d[data-kb-block=\"kb-adv-heading1941_8c142d-9d\"]{text-align:center;font-size:var(--global-kb-font-size-md, 1.25rem);font-style:normal;font-family:\"Palatino Linotype\", \"Book Antiqua\", Palatino, serif;color:#114923;}.wp-block-kadence-advancedheading.kt-adv-heading1941_8c142d-9d mark.kt-highlight, .wp-block-kadence-advancedheading.kt-adv-heading1941_8c142d-9d[data-kb-block=\"kb-adv-heading1941_8c142d-9d\"] mark.kt-highlight{font-style:normal;color:#f76a0c;-webkit-box-decoration-break:clone;box-decoration-break:clone;padding-top:0px;padding-right:0px;padding-bottom:0px;padding-left:0px;}<\/style>\n<p class=\"kt-adv-heading1941_8c142d-9d wp-block-kadence-advancedheading\" data-kb-block=\"kb-adv-heading1941_8c142d-9d\"><\/p>\n","protected":false},"excerpt":{"rendered":"<p>PLATEAU DE CRUDIT\u00c9S Vous recherchez une option saine, conviviale et color\u00e9e pour vos r\u00e9ceptions sur Brest ? Notre plateau de crudit\u00e9s est la solution id\u00e9ale. Que ce soit pour un \u00e9v\u00e9nement d\u2019entreprise, un cocktail entre coll\u00e8gues, un ap\u00e9ritif dinatoire ou tout simplement un moment gourmand en famille ou entre amis. \u00c9labor\u00e9 avec des l\u00e9gumes de &hellip; <\/p>\n<p class=\"link-more\"><a href=\"https:\/\/lejardindegwenn.fr\/index.php\/plateau-de-crudites-brest\/\" class=\"more-link\">Lire la suite de<span class=\"screen-reader-text\">\u00ab\u00a0Plateau de crudit\u00e9s\u00a0\u00bb<\/span><\/a><\/p>\n","protected":false},"author":1,"featured_media":0,"parent":0,"menu_order":0,"comment_status":"closed","ping_status":"closed","template":"","meta":{"_monsterinsights_skip_tracking":false,"_monsterinsights_sitenote_active":false,"_monsterinsights_sitenote_note":"","_monsterinsights_sitenote_category":0,"footnotes":""},"class_list":["post-1941","page","type-page","status-publish","hentry"],"yoast_head":"<!-- This site is optimized with the Yoast SEO plugin v26.1.1 - https:\/\/yoast.com\/wordpress\/plugins\/seo\/ -->\n<title>Plateau de crudit\u00e9s - Le Jardin de Gwenn<\/title>\n<meta name=\"description\" content=\"Nous vous proposons un plateau de crudit\u00e9s avec des l\u00e9gumes de saison. A retrouver sur Brest, \u00e0 emporter au sein de la p\u00e2tisserie traiteur.\" \/>\n<meta name=\"robots\" content=\"index, follow, max-snippet:-1, max-image-preview:large, max-video-preview:-1\" \/>\n<link rel=\"canonical\" href=\"https:\/\/lejardindegwenn.fr\/index.php\/plateau-de-crudites-brest\/\" \/>\n<meta property=\"og:locale\" content=\"fr_FR\" \/>\n<meta property=\"og:type\" content=\"article\" \/>\n<meta property=\"og:title\" content=\"Plateau de crudit\u00e9s - Le Jardin de Gwenn\" \/>\n<meta property=\"og:description\" content=\"Nous vous proposons un plateau de crudit\u00e9s avec des l\u00e9gumes de saison. A retrouver sur Brest, \u00e0 emporter au sein de la p\u00e2tisserie traiteur.\" \/>\n<meta property=\"og:url\" content=\"https:\/\/lejardindegwenn.fr\/index.php\/plateau-de-crudites-brest\/\" \/>\n<meta property=\"og:site_name\" content=\"Le Jardin de Gwenn\" \/>\n<meta property=\"article:publisher\" content=\"https:\/\/www.facebook.com\/lejardindegwenn\/?locale=fr_FR\" \/>\n<meta property=\"article:modified_time\" content=\"2025-10-08T11:15:04+00:00\" \/>\n<meta property=\"og:image\" content=\"https:\/\/lejardindegwenn.fr\/wp-content\/uploads\/2025\/09\/alegumes3.jpg\" \/>\n<meta name=\"twitter:card\" content=\"summary_large_image\" \/>\n<meta name=\"twitter:label1\" content=\"Dur\u00e9e de lecture estim\u00e9e\" \/>\n\t<meta name=\"twitter:data1\" content=\"3 minutes\" \/>\n<script type=\"application\/ld+json\" class=\"yoast-schema-graph\">{\"@context\":\"https:\/\/schema.org\",\"@graph\":[{\"@type\":\"WebPage\",\"@id\":\"https:\/\/lejardindegwenn.fr\/index.php\/plateau-de-crudites-brest\/\",\"url\":\"https:\/\/lejardindegwenn.fr\/index.php\/plateau-de-crudites-brest\/\",\"name\":\"Plateau de crudit\u00e9s - Le Jardin de Gwenn\",\"isPartOf\":{\"@id\":\"https:\/\/lejardindegwenn.fr\/#website\"},\"primaryImageOfPage\":{\"@id\":\"https:\/\/lejardindegwenn.fr\/index.php\/plateau-de-crudites-brest\/#primaryimage\"},\"image\":{\"@id\":\"https:\/\/lejardindegwenn.fr\/index.php\/plateau-de-crudites-brest\/#primaryimage\"},\"thumbnailUrl\":\"https:\/\/lejardindegwenn.fr\/wp-content\/uploads\/2025\/09\/alegumes3.jpg\",\"datePublished\":\"2023-12-18T13:54:55+00:00\",\"dateModified\":\"2025-10-08T11:15:04+00:00\",\"description\":\"Nous vous proposons un plateau de crudit\u00e9s avec des l\u00e9gumes de saison. A retrouver sur Brest, \u00e0 emporter au sein de la p\u00e2tisserie traiteur.\",\"breadcrumb\":{\"@id\":\"https:\/\/lejardindegwenn.fr\/index.php\/plateau-de-crudites-brest\/#breadcrumb\"},\"inLanguage\":\"fr-FR\",\"potentialAction\":[{\"@type\":\"ReadAction\",\"target\":[\"https:\/\/lejardindegwenn.fr\/index.php\/plateau-de-crudites-brest\/\"]}]},{\"@type\":\"ImageObject\",\"inLanguage\":\"fr-FR\",\"@id\":\"https:\/\/lejardindegwenn.fr\/index.php\/plateau-de-crudites-brest\/#primaryimage\",\"url\":\"https:\/\/lejardindegwenn.fr\/wp-content\/uploads\/2025\/09\/alegumes3.jpg\",\"contentUrl\":\"https:\/\/lejardindegwenn.fr\/wp-content\/uploads\/2025\/09\/alegumes3.jpg\",\"caption\":\"plateau crudit\u00e9s l\u00e9gumes brest\"},{\"@type\":\"BreadcrumbList\",\"@id\":\"https:\/\/lejardindegwenn.fr\/index.php\/plateau-de-crudites-brest\/#breadcrumb\",\"itemListElement\":[{\"@type\":\"ListItem\",\"position\":1,\"name\":\"Accueil\",\"item\":\"https:\/\/lejardindegwenn.fr\/\"},{\"@type\":\"ListItem\",\"position\":2,\"name\":\"Plateau de crudit\u00e9s\"}]},{\"@type\":\"WebSite\",\"@id\":\"https:\/\/lejardindegwenn.fr\/#website\",\"url\":\"https:\/\/lejardindegwenn.fr\/\",\"name\":\"Le Jardin de Gwenn\",\"description\":\"Restaurant @ P\u00e2tisserie \u00e0 Brest\",\"publisher\":{\"@id\":\"https:\/\/lejardindegwenn.fr\/#organization\"},\"potentialAction\":[{\"@type\":\"SearchAction\",\"target\":{\"@type\":\"EntryPoint\",\"urlTemplate\":\"https:\/\/lejardindegwenn.fr\/?s={search_term_string}\"},\"query-input\":{\"@type\":\"PropertyValueSpecification\",\"valueRequired\":true,\"valueName\":\"search_term_string\"}}],\"inLanguage\":\"fr-FR\"},{\"@type\":\"Organization\",\"@id\":\"https:\/\/lejardindegwenn.fr\/#organization\",\"name\":\"Le Jardin de Gwenn\",\"url\":\"https:\/\/lejardindegwenn.fr\/\",\"logo\":{\"@type\":\"ImageObject\",\"inLanguage\":\"fr-FR\",\"@id\":\"https:\/\/lejardindegwenn.fr\/#\/schema\/logo\/image\/\",\"url\":\"https:\/\/lejardindegwenn.fr\/wp-content\/uploads\/2022\/12\/cropped-Logo-jdg-.png\",\"contentUrl\":\"https:\/\/lejardindegwenn.fr\/wp-content\/uploads\/2022\/12\/cropped-Logo-jdg-.png\",\"width\":615,\"height\":406,\"caption\":\"Le Jardin de Gwenn\"},\"image\":{\"@id\":\"https:\/\/lejardindegwenn.fr\/#\/schema\/logo\/image\/\"},\"sameAs\":[\"https:\/\/www.facebook.com\/lejardindegwenn\/?locale=fr_FR\",\"https:\/\/www.instagram.com\/le_jardin_de_gwenn\/?hl=fr\"]}]}<\/script>\n<!-- \/ Yoast SEO plugin. -->","yoast_head_json":{"title":"Plateau de crudit\u00e9s - Le Jardin de Gwenn","description":"Nous vous proposons un plateau de crudit\u00e9s avec des l\u00e9gumes de saison. A retrouver sur Brest, \u00e0 emporter au sein de la p\u00e2tisserie traiteur.","robots":{"index":"index","follow":"follow","max-snippet":"max-snippet:-1","max-image-preview":"max-image-preview:large","max-video-preview":"max-video-preview:-1"},"canonical":"https:\/\/lejardindegwenn.fr\/index.php\/plateau-de-crudites-brest\/","og_locale":"fr_FR","og_type":"article","og_title":"Plateau de crudit\u00e9s - Le Jardin de Gwenn","og_description":"Nous vous proposons un plateau de crudit\u00e9s avec des l\u00e9gumes de saison. A retrouver sur Brest, \u00e0 emporter au sein de la p\u00e2tisserie traiteur.","og_url":"https:\/\/lejardindegwenn.fr\/index.php\/plateau-de-crudites-brest\/","og_site_name":"Le Jardin de Gwenn","article_publisher":"https:\/\/www.facebook.com\/lejardindegwenn\/?locale=fr_FR","article_modified_time":"2025-10-08T11:15:04+00:00","og_image":[{"url":"https:\/\/lejardindegwenn.fr\/wp-content\/uploads\/2025\/09\/alegumes3.jpg","type":"","width":"","height":""}],"twitter_card":"summary_large_image","twitter_misc":{"Dur\u00e9e de lecture estim\u00e9e":"3 minutes"},"schema":{"@context":"https:\/\/schema.org","@graph":[{"@type":"WebPage","@id":"https:\/\/lejardindegwenn.fr\/index.php\/plateau-de-crudites-brest\/","url":"https:\/\/lejardindegwenn.fr\/index.php\/plateau-de-crudites-brest\/","name":"Plateau de crudit\u00e9s - Le Jardin de Gwenn","isPartOf":{"@id":"https:\/\/lejardindegwenn.fr\/#website"},"primaryImageOfPage":{"@id":"https:\/\/lejardindegwenn.fr\/index.php\/plateau-de-crudites-brest\/#primaryimage"},"image":{"@id":"https:\/\/lejardindegwenn.fr\/index.php\/plateau-de-crudites-brest\/#primaryimage"},"thumbnailUrl":"https:\/\/lejardindegwenn.fr\/wp-content\/uploads\/2025\/09\/alegumes3.jpg","datePublished":"2023-12-18T13:54:55+00:00","dateModified":"2025-10-08T11:15:04+00:00","description":"Nous vous proposons un plateau de crudit\u00e9s avec des l\u00e9gumes de saison. A retrouver sur Brest, \u00e0 emporter au sein de la p\u00e2tisserie traiteur.","breadcrumb":{"@id":"https:\/\/lejardindegwenn.fr\/index.php\/plateau-de-crudites-brest\/#breadcrumb"},"inLanguage":"fr-FR","potentialAction":[{"@type":"ReadAction","target":["https:\/\/lejardindegwenn.fr\/index.php\/plateau-de-crudites-brest\/"]}]},{"@type":"ImageObject","inLanguage":"fr-FR","@id":"https:\/\/lejardindegwenn.fr\/index.php\/plateau-de-crudites-brest\/#primaryimage","url":"https:\/\/lejardindegwenn.fr\/wp-content\/uploads\/2025\/09\/alegumes3.jpg","contentUrl":"https:\/\/lejardindegwenn.fr\/wp-content\/uploads\/2025\/09\/alegumes3.jpg","caption":"plateau crudit\u00e9s l\u00e9gumes brest"},{"@type":"BreadcrumbList","@id":"https:\/\/lejardindegwenn.fr\/index.php\/plateau-de-crudites-brest\/#breadcrumb","itemListElement":[{"@type":"ListItem","position":1,"name":"Accueil","item":"https:\/\/lejardindegwenn.fr\/"},{"@type":"ListItem","position":2,"name":"Plateau de crudit\u00e9s"}]},{"@type":"WebSite","@id":"https:\/\/lejardindegwenn.fr\/#website","url":"https:\/\/lejardindegwenn.fr\/","name":"Le Jardin de Gwenn","description":"Restaurant @ P\u00e2tisserie \u00e0 Brest","publisher":{"@id":"https:\/\/lejardindegwenn.fr\/#organization"},"potentialAction":[{"@type":"SearchAction","target":{"@type":"EntryPoint","urlTemplate":"https:\/\/lejardindegwenn.fr\/?s={search_term_string}"},"query-input":{"@type":"PropertyValueSpecification","valueRequired":true,"valueName":"search_term_string"}}],"inLanguage":"fr-FR"},{"@type":"Organization","@id":"https:\/\/lejardindegwenn.fr\/#organization","name":"Le Jardin de Gwenn","url":"https:\/\/lejardindegwenn.fr\/","logo":{"@type":"ImageObject","inLanguage":"fr-FR","@id":"https:\/\/lejardindegwenn.fr\/#\/schema\/logo\/image\/","url":"https:\/\/lejardindegwenn.fr\/wp-content\/uploads\/2022\/12\/cropped-Logo-jdg-.png","contentUrl":"https:\/\/lejardindegwenn.fr\/wp-content\/uploads\/2022\/12\/cropped-Logo-jdg-.png","width":615,"height":406,"caption":"Le Jardin de Gwenn"},"image":{"@id":"https:\/\/lejardindegwenn.fr\/#\/schema\/logo\/image\/"},"sameAs":["https:\/\/www.facebook.com\/lejardindegwenn\/?locale=fr_FR","https:\/\/www.instagram.com\/le_jardin_de_gwenn\/?hl=fr"]}]}},"jetpack_sharing_enabled":true,"_links":{"self":[{"href":"https:\/\/lejardindegwenn.fr\/index.php\/wp-json\/wp\/v2\/pages\/1941","targetHints":{"allow":["GET"]}}],"collection":[{"href":"https:\/\/lejardindegwenn.fr\/index.php\/wp-json\/wp\/v2\/pages"}],"about":[{"href":"https:\/\/lejardindegwenn.fr\/index.php\/wp-json\/wp\/v2\/types\/page"}],"author":[{"embeddable":true,"href":"https:\/\/lejardindegwenn.fr\/index.php\/wp-json\/wp\/v2\/users\/1"}],"replies":[{"embeddable":true,"href":"https:\/\/lejardindegwenn.fr\/index.php\/wp-json\/wp\/v2\/comments?post=1941"}],"version-history":[{"count":8,"href":"https:\/\/lejardindegwenn.fr\/index.php\/wp-json\/wp\/v2\/pages\/1941\/revisions"}],"predecessor-version":[{"id":4748,"href":"https:\/\/lejardindegwenn.fr\/index.php\/wp-json\/wp\/v2\/pages\/1941\/revisions\/4748"}],"wp:attachment":[{"href":"https:\/\/lejardindegwenn.fr\/index.php\/wp-json\/wp\/v2\/media?parent=1941"}],"curies":[{"name":"wp","href":"https:\/\/api.w.org\/{rel}","templated":true}]}}