{"id":4267,"date":"2025-05-19T09:20:07","date_gmt":"2025-05-19T07:20:07","guid":{"rendered":"https:\/\/lejardindegwenn.fr\/?page_id=4267"},"modified":"2025-09-19T11:18:28","modified_gmt":"2025-09-19T09:18:28","slug":"box-charcuterie-fromage","status":"publish","type":"page","link":"https:\/\/lejardindegwenn.fr\/index.php\/box-charcuterie-fromage\/","title":{"rendered":"Box charcuterie\/fromage"},"content":{"rendered":"<style>.wp-block-kadence-advancedheading.kt-adv-heading4267_b78d1b-a9, .wp-block-kadence-advancedheading.kt-adv-heading4267_b78d1b-a9[data-kb-block=\"kb-adv-heading4267_b78d1b-a9\"]{text-align:center;font-style:normal;font-family:\"Palatino Linotype\", \"Book Antiqua\", Palatino, serif;color:#0d4e36;}.wp-block-kadence-advancedheading.kt-adv-heading4267_b78d1b-a9 mark.kt-highlight, .wp-block-kadence-advancedheading.kt-adv-heading4267_b78d1b-a9[data-kb-block=\"kb-adv-heading4267_b78d1b-a9\"] mark.kt-highlight{font-style:normal;color:#f76a0c;-webkit-box-decoration-break:clone;box-decoration-break:clone;padding-top:0px;padding-right:0px;padding-bottom:0px;padding-left:0px;}<\/style>\n<h1 class=\"kt-adv-heading4267_b78d1b-a9 wp-block-kadence-advancedheading\" data-kb-block=\"kb-adv-heading4267_b78d1b-a9\">Notre box charcuterie\/fromage<\/h1>\n\n\n<style>.wp-block-kadence-advancedheading.kt-adv-heading4267_d111bb-41, .wp-block-kadence-advancedheading.kt-adv-heading4267_d111bb-41[data-kb-block=\"kb-adv-heading4267_d111bb-41\"]{text-align:center;font-size:var(--global-kb-font-size-md, 1.25rem);font-style:normal;font-family:\"Palatino Linotype\", \"Book Antiqua\", Palatino, serif;color:#0d4e36;}.wp-block-kadence-advancedheading.kt-adv-heading4267_d111bb-41 mark.kt-highlight, .wp-block-kadence-advancedheading.kt-adv-heading4267_d111bb-41[data-kb-block=\"kb-adv-heading4267_d111bb-41\"] mark.kt-highlight{font-style:normal;color:#f76a0c;-webkit-box-decoration-break:clone;box-decoration-break:clone;padding-top:0px;padding-right:0px;padding-bottom:0px;padding-left:0px;}<\/style>\n<p class=\"kt-adv-heading4267_d111bb-41 wp-block-kadence-advancedheading\" data-kb-block=\"kb-adv-heading4267_d111bb-41\">Nous vous proposons une box sp\u00e9ciale charcuterie\/fromage. Retrouvez un assortiment de charcuteries, de fromages, d&rsquo;olives, une confiture de figue maison mais aussi des fruits rouges et raisins.  <\/p>\n\n\n<style>.wp-block-kadence-advancedheading.kt-adv-heading4267_130fc1-9d, .wp-block-kadence-advancedheading.kt-adv-heading4267_130fc1-9d[data-kb-block=\"kb-adv-heading4267_130fc1-9d\"]{text-align:center;font-size:var(--global-kb-font-size-md, 1.25rem);font-style:normal;font-family:\"Palatino Linotype\", \"Book Antiqua\", Palatino, serif;color:#0d4e36;}.wp-block-kadence-advancedheading.kt-adv-heading4267_130fc1-9d mark.kt-highlight, .wp-block-kadence-advancedheading.kt-adv-heading4267_130fc1-9d[data-kb-block=\"kb-adv-heading4267_130fc1-9d\"] mark.kt-highlight{font-style:normal;color:#f76a0c;-webkit-box-decoration-break:clone;box-decoration-break:clone;padding-top:0px;padding-right:0px;padding-bottom:0px;padding-left:0px;}<\/style>\n<p class=\"kt-adv-heading4267_130fc1-9d wp-block-kadence-advancedheading\" data-kb-block=\"kb-adv-heading4267_130fc1-9d\">Deux formats au choix : La grande box (4 \u00e0 6 personnes) pour 68\u20ac et la petite (1 \u00e0 3 personnes) pour 38\u20ac.<\/p>\n\n\n<style>.wp-block-kadence-advancedheading.kt-adv-heading4267_0932a1-4d, .wp-block-kadence-advancedheading.kt-adv-heading4267_0932a1-4d[data-kb-block=\"kb-adv-heading4267_0932a1-4d\"]{text-align:center;font-size:var(--global-kb-font-size-md, 1.25rem);font-style:normal;font-family:\"Palatino Linotype\", \"Book Antiqua\", Palatino, serif;color:#0d4e36;}.wp-block-kadence-advancedheading.kt-adv-heading4267_0932a1-4d mark.kt-highlight, .wp-block-kadence-advancedheading.kt-adv-heading4267_0932a1-4d[data-kb-block=\"kb-adv-heading4267_0932a1-4d\"] mark.kt-highlight{font-style:normal;color:#f76a0c;-webkit-box-decoration-break:clone;box-decoration-break:clone;padding-top:0px;padding-right:0px;padding-bottom:0px;padding-left:0px;}.wp-block-kadence-advancedheading.kt-adv-heading4267_0932a1-4d[data-kb-block=\"kb-adv-heading4267_0932a1-4d\"] a, .kt-adv-heading-link4267_0932a1-4d, .kt-adv-heading-link4267_0932a1-4d .kt-adv-heading4267_0932a1-4d[data-kb-block=\"kb-adv-heading4267_0932a1-4d\"]{color:#083a2e;}<\/style>\n<p class=\"kt-adv-heading4267_0932a1-4d wp-block-kadence-advancedheading\" data-kb-block=\"kb-adv-heading4267_0932a1-4d\">A retrouver du mardi au dimanche, \u00e0 la p\u00e2tisserie au 1 rue St Martin. Commande possible en <a href=\"https:\/\/lejardindegwenn.fr\/index.php\/commande-en-ligne\/\">click&amp;collect<\/a>, par t\u00e9l\u00e9phone au 0256318601 ou directement sur place.<\/p>\n\n\n\n<figure class=\"wp-block-gallery alignwide has-nested-images columns-default is-cropped wp-block-gallery-1 is-layout-flex wp-block-gallery-is-layout-flex\">\n<figure class=\"wp-block-image size-large\"><img fetchpriority=\"high\" decoding=\"async\" width=\"683\" height=\"1024\" data-id=\"4270\" src=\"https:\/\/lejardindegwenn.fr\/wp-content\/uploads\/2025\/05\/ABOXFROe-683x1024.jpg\" alt=\"box charcuterie\/fromage \" class=\"wp-image-4270\" srcset=\"https:\/\/lejardindegwenn.fr\/wp-content\/uploads\/2025\/05\/ABOXFROe-683x1024.jpg 683w, https:\/\/lejardindegwenn.fr\/wp-content\/uploads\/2025\/05\/ABOXFROe-200x300.jpg 200w, https:\/\/lejardindegwenn.fr\/wp-content\/uploads\/2025\/05\/ABOXFROe-scaled.jpg 1707w\" sizes=\"(max-width: 683px) 100vw, 683px\" \/><\/figure>\n\n\n\n<figure class=\"wp-block-image size-large\"><img decoding=\"async\" width=\"683\" height=\"1024\" data-id=\"4630\" data-src=\"https:\/\/lejardindegwenn.fr\/wp-content\/uploads\/2025\/09\/acf3-683x1024.jpg\" alt=\"plateau charcuterie fromage brest \" class=\"wp-image-4630 lazyload\" data-srcset=\"https:\/\/lejardindegwenn.fr\/wp-content\/uploads\/2025\/09\/acf3-683x1024.jpg 683w, https:\/\/lejardindegwenn.fr\/wp-content\/uploads\/2025\/09\/acf3-200x300.jpg 200w, https:\/\/lejardindegwenn.fr\/wp-content\/uploads\/2025\/09\/acf3-scaled.jpg 1707w\" data-sizes=\"(max-width: 683px) 100vw, 683px\" src=\"data:image\/svg+xml;base64,PHN2ZyB3aWR0aD0iMSIgaGVpZ2h0PSIxIiB4bWxucz0iaHR0cDovL3d3dy53My5vcmcvMjAwMC9zdmciPjwvc3ZnPg==\" style=\"--smush-placeholder-width: 683px; --smush-placeholder-aspect-ratio: 683\/1024;\" \/><\/figure>\n\n\n\n<figure class=\"wp-block-image size-large\"><img decoding=\"async\" width=\"683\" height=\"1024\" data-id=\"4271\" data-src=\"https:\/\/lejardindegwenn.fr\/wp-content\/uploads\/2025\/05\/aboxfro-683x1024.jpg\" alt=\"box charcuterie fromage\" class=\"wp-image-4271 lazyload\" data-srcset=\"https:\/\/lejardindegwenn.fr\/wp-content\/uploads\/2025\/05\/aboxfro-683x1024.jpg 683w, https:\/\/lejardindegwenn.fr\/wp-content\/uploads\/2025\/05\/aboxfro-200x300.jpg 200w, https:\/\/lejardindegwenn.fr\/wp-content\/uploads\/2025\/05\/aboxfro-768x1152.jpg 768w, https:\/\/lejardindegwenn.fr\/wp-content\/uploads\/2025\/05\/aboxfro-scaled.jpg 1707w\" data-sizes=\"(max-width: 683px) 100vw, 683px\" src=\"data:image\/svg+xml;base64,PHN2ZyB3aWR0aD0iMSIgaGVpZ2h0PSIxIiB4bWxucz0iaHR0cDovL3d3dy53My5vcmcvMjAwMC9zdmciPjwvc3ZnPg==\" style=\"--smush-placeholder-width: 683px; --smush-placeholder-aspect-ratio: 683\/1024;\" \/><\/figure>\n<\/figure>\n\n\n<style>.wp-block-kadence-advancedheading.kt-adv-heading4267_283354-b5, .wp-block-kadence-advancedheading.kt-adv-heading4267_283354-b5[data-kb-block=\"kb-adv-heading4267_283354-b5\"]{text-align:center;font-size:var(--global-kb-font-size-md, 1.25rem);font-style:normal;font-family:\"Palatino Linotype\", \"Book Antiqua\", Palatino, serif;color:#0c3a2c;}.wp-block-kadence-advancedheading.kt-adv-heading4267_283354-b5 mark.kt-highlight, .wp-block-kadence-advancedheading.kt-adv-heading4267_283354-b5[data-kb-block=\"kb-adv-heading4267_283354-b5\"] mark.kt-highlight{font-style:normal;color:#f76a0c;-webkit-box-decoration-break:clone;box-decoration-break:clone;padding-top:0px;padding-right:0px;padding-bottom:0px;padding-left:0px;}<\/style>\n<p class=\"kt-adv-heading4267_283354-b5 wp-block-kadence-advancedheading\" data-kb-block=\"kb-adv-heading4267_283354-b5\">Ainsi, d\u00e9couvrez donc notre box sp\u00e9ciale charcuterie et fromage. Cette derni\u00e8re est pens\u00e9e pour un ap\u00e9ritif ou un repas rapide, avec tout ce qu\u2019il faut pour r\u00e9galer famille, amis, coll\u00e8gues, etc.<br>\u00c0 l\u2019int\u00e9rieur, vous trouverez une s\u00e9lection de charcuteries classiques. C\u00f4t\u00e9 fromages, notre box contient diff\u00e9rents types faciles \u00e0 consommer. En effet, retrouvez des fromages doux, fondants et faciles \u00e0 partager. Ils se combinent parfaitement avec les charcuteries, pour cr\u00e9er des associations simples et savoureuses.<br>Pour compl\u00e9ter l\u2019ensemble, nous avons ajout\u00e9 quelques olives pour apporter un petit go\u00fbt sal\u00e9 et rafra\u00eechissant. Mais aussi une confiture de figue pour une touche l\u00e9g\u00e8rement sucr\u00e9e. Des fruits rouges et des raisins viennent parfaire votre plateau.<br>Pratique et pr\u00eate \u00e0 d\u00e9guster, cette box charcuterie\/fromage est id\u00e9ale pour toutes les occasions : ap\u00e9ritif entre coll\u00e8gues, soir\u00e9e entre amis ou simplement pour se faire plaisir \u00e0 la maison. Il est \u00e9galement possible de la choisir pour un service traiteur et \u00e9v\u00e8nement professionnel. <\/p>\n\n\n<style>.wp-block-kadence-advancedheading.kt-adv-heading4267_1637d9-51, .wp-block-kadence-advancedheading.kt-adv-heading4267_1637d9-51[data-kb-block=\"kb-adv-heading4267_1637d9-51\"]{text-align:center;font-size:var(--global-kb-font-size-md, 1.25rem);font-style:italic;font-family:\"Palatino Linotype\", \"Book Antiqua\", Palatino, serif;color:#205c35;}.wp-block-kadence-advancedheading.kt-adv-heading4267_1637d9-51 mark.kt-highlight, .wp-block-kadence-advancedheading.kt-adv-heading4267_1637d9-51[data-kb-block=\"kb-adv-heading4267_1637d9-51\"] mark.kt-highlight{font-style:normal;color:#f76a0c;-webkit-box-decoration-break:clone;box-decoration-break:clone;padding-top:0px;padding-right:0px;padding-bottom:0px;padding-left:0px;}<\/style>\n<p class=\"kt-adv-heading4267_1637d9-51 wp-block-kadence-advancedheading\" data-kb-block=\"kb-adv-heading4267_1637d9-51\"><strong>Tout est pens\u00e9 pour vous simplifier la vie sans renoncer au plaisir de partager un moment gourmand. Un vrai gain de temps, avec des saveurs simples et efficaces que tout le monde appr\u00e9ciera.<\/strong><\/p>\n\n\n<style>.wp-block-kadence-advancedheading.kt-adv-heading4267_7f039f-d8, .wp-block-kadence-advancedheading.kt-adv-heading4267_7f039f-d8[data-kb-block=\"kb-adv-heading4267_7f039f-d8\"]{text-align:center;font-style:normal;font-family:\"Palatino Linotype\", \"Book Antiqua\", Palatino, serif;color:#0d4e36;}.wp-block-kadence-advancedheading.kt-adv-heading4267_7f039f-d8 mark.kt-highlight, .wp-block-kadence-advancedheading.kt-adv-heading4267_7f039f-d8[data-kb-block=\"kb-adv-heading4267_7f039f-d8\"] mark.kt-highlight{font-style:normal;color:#f76a0c;-webkit-box-decoration-break:clone;box-decoration-break:clone;padding-top:0px;padding-right:0px;padding-bottom:0px;padding-left:0px;}<\/style>\n<p class=\"kt-adv-heading4267_7f039f-d8 wp-block-kadence-advancedheading\" data-kb-block=\"kb-adv-heading4267_7f039f-d8\"><\/p>\n\n\n\n<ul class=\"wp-block-social-links aligncenter is-layout-flex wp-block-social-links-is-layout-flex\"><li class=\"wp-social-link wp-social-link-instagram  wp-block-social-link\"><a rel=\"noopener nofollow\" target=\"_blank\" href=\"https:\/\/www.instagram.com\/le_jardin_de_gwenn\/\" class=\"wp-block-social-link-anchor\"><svg width=\"24\" height=\"24\" viewBox=\"0 0 24 24\" version=\"1.1\" xmlns=\"http:\/\/www.w3.org\/2000\/svg\" aria-hidden=\"true\" focusable=\"false\"><path d=\"M12,4.622c2.403,0,2.688,0.009,3.637,0.052c0.877,0.04,1.354,0.187,1.671,0.31c0.42,0.163,0.72,0.358,1.035,0.673 c0.315,0.315,0.51,0.615,0.673,1.035c0.123,0.317,0.27,0.794,0.31,1.671c0.043,0.949,0.052,1.234,0.052,3.637 s-0.009,2.688-0.052,3.637c-0.04,0.877-0.187,1.354-0.31,1.671c-0.163,0.42-0.358,0.72-0.673,1.035 c-0.315,0.315-0.615,0.51-1.035,0.673c-0.317,0.123-0.794,0.27-1.671,0.31c-0.949,0.043-1.233,0.052-3.637,0.052 s-2.688-0.009-3.637-0.052c-0.877-0.04-1.354-0.187-1.671-0.31c-0.42-0.163-0.72-0.358-1.035-0.673 c-0.315-0.315-0.51-0.615-0.673-1.035c-0.123-0.317-0.27-0.794-0.31-1.671C4.631,14.688,4.622,14.403,4.622,12 s0.009-2.688,0.052-3.637c0.04-0.877,0.187-1.354,0.31-1.671c0.163-0.42,0.358-0.72,0.673-1.035 c0.315-0.315,0.615-0.51,1.035-0.673c0.317-0.123,0.794-0.27,1.671-0.31C9.312,4.631,9.597,4.622,12,4.622 M12,3 C9.556,3,9.249,3.01,8.289,3.054C7.331,3.098,6.677,3.25,6.105,3.472C5.513,3.702,5.011,4.01,4.511,4.511 c-0.5,0.5-0.808,1.002-1.038,1.594C3.25,6.677,3.098,7.331,3.054,8.289C3.01,9.249,3,9.556,3,12c0,2.444,0.01,2.751,0.054,3.711 c0.044,0.958,0.196,1.612,0.418,2.185c0.23,0.592,0.538,1.094,1.038,1.594c0.5,0.5,1.002,0.808,1.594,1.038 c0.572,0.222,1.227,0.375,2.185,0.418C9.249,20.99,9.556,21,12,21s2.751-0.01,3.711-0.054c0.958-0.044,1.612-0.196,2.185-0.418 c0.592-0.23,1.094-0.538,1.594-1.038c0.5-0.5,0.808-1.002,1.038-1.594c0.222-0.572,0.375-1.227,0.418-2.185 C20.99,14.751,21,14.444,21,12s-0.01-2.751-0.054-3.711c-0.044-0.958-0.196-1.612-0.418-2.185c-0.23-0.592-0.538-1.094-1.038-1.594 c-0.5-0.5-1.002-0.808-1.594-1.038c-0.572-0.222-1.227-0.375-2.185-0.418C14.751,3.01,14.444,3,12,3L12,3z M12,7.378 c-2.552,0-4.622,2.069-4.622,4.622S9.448,16.622,12,16.622s4.622-2.069,4.622-4.622S14.552,7.378,12,7.378z M12,15 c-1.657,0-3-1.343-3-3s1.343-3,3-3s3,1.343,3,3S13.657,15,12,15z M16.804,6.116c-0.596,0-1.08,0.484-1.08,1.08 s0.484,1.08,1.08,1.08c0.596,0,1.08-0.484,1.08-1.08S17.401,6.116,16.804,6.116z\"><\/path><\/svg><span class=\"wp-block-social-link-label screen-reader-text\">Instagram<\/span><\/a><\/li><\/ul>\n","protected":false},"excerpt":{"rendered":"<p>Notre box charcuterie\/fromage Nous vous proposons une box sp\u00e9ciale charcuterie\/fromage. Retrouvez un assortiment de charcuteries, de fromages, d&rsquo;olives, une confiture de figue maison mais aussi des fruits rouges et raisins. Deux formats au choix : La grande box (4 \u00e0 6 personnes) pour 68\u20ac et la petite (1 \u00e0 3 personnes) pour 38\u20ac. A retrouver &hellip; <\/p>\n<p class=\"link-more\"><a href=\"https:\/\/lejardindegwenn.fr\/index.php\/box-charcuterie-fromage\/\" class=\"more-link\">Lire la suite de<span class=\"screen-reader-text\">\u00ab\u00a0Box charcuterie\/fromage\u00a0\u00bb<\/span><\/a><\/p>\n","protected":false},"author":1,"featured_media":4271,"parent":0,"menu_order":0,"comment_status":"closed","ping_status":"closed","template":"","meta":{"_monsterinsights_skip_tracking":false,"_monsterinsights_sitenote_active":false,"_monsterinsights_sitenote_note":"","_monsterinsights_sitenote_category":0,"footnotes":""},"class_list":["post-4267","page","type-page","status-publish","has-post-thumbnail","hentry"],"yoast_head":"<!-- This site is optimized with the Yoast SEO plugin v26.1.1 - https:\/\/yoast.com\/wordpress\/plugins\/seo\/ -->\n<title>Box charcuterie\/fromage - Le Jardin de Gwenn<\/title>\n<meta name=\"description\" content=\"Retrouvez notre box charcuterie\/fromage \u00e0 partager. Deux formats au choix, disponibles en click&amp;collect ou \u00e0 emporter.\" \/>\n<meta name=\"robots\" content=\"index, follow, max-snippet:-1, max-image-preview:large, max-video-preview:-1\" \/>\n<link rel=\"canonical\" href=\"https:\/\/lejardindegwenn.fr\/index.php\/box-charcuterie-fromage\/\" \/>\n<meta property=\"og:locale\" content=\"fr_FR\" \/>\n<meta property=\"og:type\" content=\"article\" \/>\n<meta property=\"og:title\" content=\"Box charcuterie\/fromage - Le Jardin de Gwenn\" \/>\n<meta property=\"og:description\" content=\"Retrouvez notre box charcuterie\/fromage \u00e0 partager. Deux formats au choix, disponibles en click&amp;collect ou \u00e0 emporter.\" \/>\n<meta property=\"og:url\" content=\"https:\/\/lejardindegwenn.fr\/index.php\/box-charcuterie-fromage\/\" \/>\n<meta property=\"og:site_name\" content=\"Le Jardin de Gwenn\" \/>\n<meta property=\"article:publisher\" content=\"https:\/\/www.facebook.com\/lejardindegwenn\/?locale=fr_FR\" \/>\n<meta property=\"article:modified_time\" content=\"2025-09-19T09:18:28+00:00\" \/>\n<meta property=\"og:image\" content=\"https:\/\/lejardindegwenn.fr\/wp-content\/uploads\/2025\/05\/aboxfro-scaled.jpg\" \/>\n\t<meta property=\"og:image:width\" content=\"1707\" \/>\n\t<meta property=\"og:image:height\" content=\"2560\" \/>\n\t<meta property=\"og:image:type\" content=\"image\/jpeg\" \/>\n<meta name=\"twitter:card\" content=\"summary_large_image\" \/>\n<meta name=\"twitter:label1\" content=\"Dur\u00e9e de lecture estim\u00e9e\" \/>\n\t<meta name=\"twitter:data1\" content=\"2 minutes\" \/>\n<script type=\"application\/ld+json\" class=\"yoast-schema-graph\">{\"@context\":\"https:\/\/schema.org\",\"@graph\":[{\"@type\":\"WebPage\",\"@id\":\"https:\/\/lejardindegwenn.fr\/index.php\/box-charcuterie-fromage\/\",\"url\":\"https:\/\/lejardindegwenn.fr\/index.php\/box-charcuterie-fromage\/\",\"name\":\"Box charcuterie\/fromage - Le Jardin de Gwenn\",\"isPartOf\":{\"@id\":\"https:\/\/lejardindegwenn.fr\/#website\"},\"primaryImageOfPage\":{\"@id\":\"https:\/\/lejardindegwenn.fr\/index.php\/box-charcuterie-fromage\/#primaryimage\"},\"image\":{\"@id\":\"https:\/\/lejardindegwenn.fr\/index.php\/box-charcuterie-fromage\/#primaryimage\"},\"thumbnailUrl\":\"https:\/\/lejardindegwenn.fr\/wp-content\/uploads\/2025\/05\/aboxfro-scaled.jpg\",\"datePublished\":\"2025-05-19T07:20:07+00:00\",\"dateModified\":\"2025-09-19T09:18:28+00:00\",\"description\":\"Retrouvez notre box charcuterie\/fromage \u00e0 partager. Deux formats au choix, disponibles en click&collect ou \u00e0 emporter.\",\"breadcrumb\":{\"@id\":\"https:\/\/lejardindegwenn.fr\/index.php\/box-charcuterie-fromage\/#breadcrumb\"},\"inLanguage\":\"fr-FR\",\"potentialAction\":[{\"@type\":\"ReadAction\",\"target\":[\"https:\/\/lejardindegwenn.fr\/index.php\/box-charcuterie-fromage\/\"]}]},{\"@type\":\"ImageObject\",\"inLanguage\":\"fr-FR\",\"@id\":\"https:\/\/lejardindegwenn.fr\/index.php\/box-charcuterie-fromage\/#primaryimage\",\"url\":\"https:\/\/lejardindegwenn.fr\/wp-content\/uploads\/2025\/05\/aboxfro-scaled.jpg\",\"contentUrl\":\"https:\/\/lejardindegwenn.fr\/wp-content\/uploads\/2025\/05\/aboxfro-scaled.jpg\",\"width\":1707,\"height\":2560,\"caption\":\"box charcuterie fromage\"},{\"@type\":\"BreadcrumbList\",\"@id\":\"https:\/\/lejardindegwenn.fr\/index.php\/box-charcuterie-fromage\/#breadcrumb\",\"itemListElement\":[{\"@type\":\"ListItem\",\"position\":1,\"name\":\"Accueil\",\"item\":\"https:\/\/lejardindegwenn.fr\/\"},{\"@type\":\"ListItem\",\"position\":2,\"name\":\"Box charcuterie\/fromage\"}]},{\"@type\":\"WebSite\",\"@id\":\"https:\/\/lejardindegwenn.fr\/#website\",\"url\":\"https:\/\/lejardindegwenn.fr\/\",\"name\":\"Le Jardin de Gwenn\",\"description\":\"Restaurant @ P\u00e2tisserie \u00e0 Brest\",\"publisher\":{\"@id\":\"https:\/\/lejardindegwenn.fr\/#organization\"},\"potentialAction\":[{\"@type\":\"SearchAction\",\"target\":{\"@type\":\"EntryPoint\",\"urlTemplate\":\"https:\/\/lejardindegwenn.fr\/?s={search_term_string}\"},\"query-input\":{\"@type\":\"PropertyValueSpecification\",\"valueRequired\":true,\"valueName\":\"search_term_string\"}}],\"inLanguage\":\"fr-FR\"},{\"@type\":\"Organization\",\"@id\":\"https:\/\/lejardindegwenn.fr\/#organization\",\"name\":\"Le Jardin de Gwenn\",\"url\":\"https:\/\/lejardindegwenn.fr\/\",\"logo\":{\"@type\":\"ImageObject\",\"inLanguage\":\"fr-FR\",\"@id\":\"https:\/\/lejardindegwenn.fr\/#\/schema\/logo\/image\/\",\"url\":\"https:\/\/lejardindegwenn.fr\/wp-content\/uploads\/2022\/12\/cropped-Logo-jdg-.png\",\"contentUrl\":\"https:\/\/lejardindegwenn.fr\/wp-content\/uploads\/2022\/12\/cropped-Logo-jdg-.png\",\"width\":615,\"height\":406,\"caption\":\"Le Jardin de Gwenn\"},\"image\":{\"@id\":\"https:\/\/lejardindegwenn.fr\/#\/schema\/logo\/image\/\"},\"sameAs\":[\"https:\/\/www.facebook.com\/lejardindegwenn\/?locale=fr_FR\",\"https:\/\/www.instagram.com\/le_jardin_de_gwenn\/?hl=fr\"]}]}<\/script>\n<!-- \/ Yoast SEO plugin. -->","yoast_head_json":{"title":"Box charcuterie\/fromage - Le Jardin de Gwenn","description":"Retrouvez notre box charcuterie\/fromage \u00e0 partager. Deux formats au choix, disponibles en click&collect ou \u00e0 emporter.","robots":{"index":"index","follow":"follow","max-snippet":"max-snippet:-1","max-image-preview":"max-image-preview:large","max-video-preview":"max-video-preview:-1"},"canonical":"https:\/\/lejardindegwenn.fr\/index.php\/box-charcuterie-fromage\/","og_locale":"fr_FR","og_type":"article","og_title":"Box charcuterie\/fromage - Le Jardin de Gwenn","og_description":"Retrouvez notre box charcuterie\/fromage \u00e0 partager. Deux formats au choix, disponibles en click&collect ou \u00e0 emporter.","og_url":"https:\/\/lejardindegwenn.fr\/index.php\/box-charcuterie-fromage\/","og_site_name":"Le Jardin de Gwenn","article_publisher":"https:\/\/www.facebook.com\/lejardindegwenn\/?locale=fr_FR","article_modified_time":"2025-09-19T09:18:28+00:00","og_image":[{"width":1707,"height":2560,"url":"https:\/\/lejardindegwenn.fr\/wp-content\/uploads\/2025\/05\/aboxfro-scaled.jpg","type":"image\/jpeg"}],"twitter_card":"summary_large_image","twitter_misc":{"Dur\u00e9e de lecture estim\u00e9e":"2 minutes"},"schema":{"@context":"https:\/\/schema.org","@graph":[{"@type":"WebPage","@id":"https:\/\/lejardindegwenn.fr\/index.php\/box-charcuterie-fromage\/","url":"https:\/\/lejardindegwenn.fr\/index.php\/box-charcuterie-fromage\/","name":"Box charcuterie\/fromage - Le Jardin de Gwenn","isPartOf":{"@id":"https:\/\/lejardindegwenn.fr\/#website"},"primaryImageOfPage":{"@id":"https:\/\/lejardindegwenn.fr\/index.php\/box-charcuterie-fromage\/#primaryimage"},"image":{"@id":"https:\/\/lejardindegwenn.fr\/index.php\/box-charcuterie-fromage\/#primaryimage"},"thumbnailUrl":"https:\/\/lejardindegwenn.fr\/wp-content\/uploads\/2025\/05\/aboxfro-scaled.jpg","datePublished":"2025-05-19T07:20:07+00:00","dateModified":"2025-09-19T09:18:28+00:00","description":"Retrouvez notre box charcuterie\/fromage \u00e0 partager. Deux formats au choix, disponibles en click&collect ou \u00e0 emporter.","breadcrumb":{"@id":"https:\/\/lejardindegwenn.fr\/index.php\/box-charcuterie-fromage\/#breadcrumb"},"inLanguage":"fr-FR","potentialAction":[{"@type":"ReadAction","target":["https:\/\/lejardindegwenn.fr\/index.php\/box-charcuterie-fromage\/"]}]},{"@type":"ImageObject","inLanguage":"fr-FR","@id":"https:\/\/lejardindegwenn.fr\/index.php\/box-charcuterie-fromage\/#primaryimage","url":"https:\/\/lejardindegwenn.fr\/wp-content\/uploads\/2025\/05\/aboxfro-scaled.jpg","contentUrl":"https:\/\/lejardindegwenn.fr\/wp-content\/uploads\/2025\/05\/aboxfro-scaled.jpg","width":1707,"height":2560,"caption":"box charcuterie fromage"},{"@type":"BreadcrumbList","@id":"https:\/\/lejardindegwenn.fr\/index.php\/box-charcuterie-fromage\/#breadcrumb","itemListElement":[{"@type":"ListItem","position":1,"name":"Accueil","item":"https:\/\/lejardindegwenn.fr\/"},{"@type":"ListItem","position":2,"name":"Box charcuterie\/fromage"}]},{"@type":"WebSite","@id":"https:\/\/lejardindegwenn.fr\/#website","url":"https:\/\/lejardindegwenn.fr\/","name":"Le Jardin de Gwenn","description":"Restaurant @ P\u00e2tisserie \u00e0 Brest","publisher":{"@id":"https:\/\/lejardindegwenn.fr\/#organization"},"potentialAction":[{"@type":"SearchAction","target":{"@type":"EntryPoint","urlTemplate":"https:\/\/lejardindegwenn.fr\/?s={search_term_string}"},"query-input":{"@type":"PropertyValueSpecification","valueRequired":true,"valueName":"search_term_string"}}],"inLanguage":"fr-FR"},{"@type":"Organization","@id":"https:\/\/lejardindegwenn.fr\/#organization","name":"Le Jardin de Gwenn","url":"https:\/\/lejardindegwenn.fr\/","logo":{"@type":"ImageObject","inLanguage":"fr-FR","@id":"https:\/\/lejardindegwenn.fr\/#\/schema\/logo\/image\/","url":"https:\/\/lejardindegwenn.fr\/wp-content\/uploads\/2022\/12\/cropped-Logo-jdg-.png","contentUrl":"https:\/\/lejardindegwenn.fr\/wp-content\/uploads\/2022\/12\/cropped-Logo-jdg-.png","width":615,"height":406,"caption":"Le Jardin de Gwenn"},"image":{"@id":"https:\/\/lejardindegwenn.fr\/#\/schema\/logo\/image\/"},"sameAs":["https:\/\/www.facebook.com\/lejardindegwenn\/?locale=fr_FR","https:\/\/www.instagram.com\/le_jardin_de_gwenn\/?hl=fr"]}]}},"jetpack_sharing_enabled":true,"_links":{"self":[{"href":"https:\/\/lejardindegwenn.fr\/index.php\/wp-json\/wp\/v2\/pages\/4267","targetHints":{"allow":["GET"]}}],"collection":[{"href":"https:\/\/lejardindegwenn.fr\/index.php\/wp-json\/wp\/v2\/pages"}],"about":[{"href":"https:\/\/lejardindegwenn.fr\/index.php\/wp-json\/wp\/v2\/types\/page"}],"author":[{"embeddable":true,"href":"https:\/\/lejardindegwenn.fr\/index.php\/wp-json\/wp\/v2\/users\/1"}],"replies":[{"embeddable":true,"href":"https:\/\/lejardindegwenn.fr\/index.php\/wp-json\/wp\/v2\/comments?post=4267"}],"version-history":[{"count":3,"href":"https:\/\/lejardindegwenn.fr\/index.php\/wp-json\/wp\/v2\/pages\/4267\/revisions"}],"predecessor-version":[{"id":4681,"href":"https:\/\/lejardindegwenn.fr\/index.php\/wp-json\/wp\/v2\/pages\/4267\/revisions\/4681"}],"wp:featuredmedia":[{"embeddable":true,"href":"https:\/\/lejardindegwenn.fr\/index.php\/wp-json\/wp\/v2\/media\/4271"}],"wp:attachment":[{"href":"https:\/\/lejardindegwenn.fr\/index.php\/wp-json\/wp\/v2\/media?parent=4267"}],"curies":[{"name":"wp","href":"https:\/\/api.w.org\/{rel}","templated":true}]}}