{"id":5025,"date":"2026-01-09T10:37:37","date_gmt":"2026-01-09T09:37:37","guid":{"rendered":"https:\/\/lejardindegwenn.fr\/?page_id=5025"},"modified":"2026-01-09T10:50:21","modified_gmt":"2026-01-09T09:50:21","slug":"galettes-des-rois","status":"publish","type":"page","link":"https:\/\/lejardindegwenn.fr\/index.php\/galettes-des-rois\/","title":{"rendered":"Galettes des rois"},"content":{"rendered":"<style>.wp-block-kadence-advancedheading.kt-adv-heading5025_f98225-91, .wp-block-kadence-advancedheading.kt-adv-heading5025_f98225-91[data-kb-block=\"kb-adv-heading5025_f98225-91\"]{text-align:center;font-size:var(--global-kb-font-size-lg, 2rem);font-style:normal;font-family:\"Palatino Linotype\", \"Book Antiqua\", Palatino, serif;color:#124b36;}.wp-block-kadence-advancedheading.kt-adv-heading5025_f98225-91 mark.kt-highlight, .wp-block-kadence-advancedheading.kt-adv-heading5025_f98225-91[data-kb-block=\"kb-adv-heading5025_f98225-91\"] mark.kt-highlight{font-style:normal;color:#f76a0c;-webkit-box-decoration-break:clone;box-decoration-break:clone;padding-top:0px;padding-right:0px;padding-bottom:0px;padding-left:0px;}<\/style>\n<p class=\"kt-adv-heading5025_f98225-91 wp-block-kadence-advancedheading\" data-kb-block=\"kb-adv-heading5025_f98225-91\"><strong>NOS GALETTES DES ROIS<\/strong><\/p>\n\n\n<style>.wp-block-kadence-advancedheading.kt-adv-heading5025_85c36e-a6, .wp-block-kadence-advancedheading.kt-adv-heading5025_85c36e-a6[data-kb-block=\"kb-adv-heading5025_85c36e-a6\"]{text-align:center;font-size:var(--global-kb-font-size-md, 1.25rem);font-style:normal;font-family:\"Palatino Linotype\", \"Book Antiqua\", Palatino, serif;color:#083a29;}.wp-block-kadence-advancedheading.kt-adv-heading5025_85c36e-a6 mark.kt-highlight, .wp-block-kadence-advancedheading.kt-adv-heading5025_85c36e-a6[data-kb-block=\"kb-adv-heading5025_85c36e-a6\"] mark.kt-highlight{font-style:normal;color:#f76a0c;-webkit-box-decoration-break:clone;box-decoration-break:clone;padding-top:0px;padding-right:0px;padding-bottom:0px;padding-left:0px;}<\/style>\n<p class=\"kt-adv-heading5025_85c36e-a6 wp-block-kadence-advancedheading\" data-kb-block=\"kb-adv-heading5025_85c36e-a6\">D\u00e9couvrez nos <strong>galettes des rois<\/strong>, imagin\u00e9es pour c\u00e9l\u00e9brer l\u2019\u00c9piphanie avec gourmandise tout au long du mois de janvier. \u00c9labor\u00e9es dans notre p\u00e2tisserie, elles allient feuilletage croustillant et garnitures g\u00e9n\u00e9reuses.<\/p>\n\n\n<style>.wp-block-kadence-advancedgallery .kb-gallery-type-masonry.kb-gallery-id-5025_a25677-d4{margin:-5px;}.kb-gallery-type-masonry.kb-gallery-id-5025_a25677-d4 .kadence-blocks-gallery-item{padding:5px;}.kb-gallery-id-5025_a25677-d4 .kadence-blocks-gallery-item .kb-gal-image-radius, .kb-gallery-id-5025_a25677-d4 .kb-slide-item .kb-gal-image-radius img{border-radius:0px 0px 0px 0px;;}.kb-gallery-caption-style-bottom.kb-gallery-id-5025_a25677-d4 .kadence-blocks-gallery-item .kadence-blocks-gallery-item-inner .kadence-blocks-gallery-item__caption, .kb-gallery-caption-style-bottom-hover.kb-gallery-id-5025_a25677-d4 .kadence-blocks-gallery-item .kadence-blocks-gallery-item-inner .kadence-blocks-gallery-item__caption{background:linear-gradient(0deg, rgba(0, 0, 0, 0.5) 0, rgba(0, 0, 0, 0) 100%);}<\/style><div class=\"kb-gallery-wrap-id-5025_a25677-d4 alignnone wp-block-kadence-advancedgallery\"><ul class=\"kb-gallery-ul kb-gallery-non-static kb-gallery-type-masonry kb-masonry-init kb-gallery-id-5025_a25677-d4 kb-gallery-caption-style-bottom-hover kb-gallery-filter-none\" data-image-filter=\"none\" data-item-selector=\".kadence-blocks-gallery-item\" data-lightbox-caption=\"true\" data-columns-xxl=\"1\" data-columns-xl=\"1\" data-columns-md=\"1\" data-columns-sm=\"1\" data-columns-xs=\"1\" data-columns-ss=\"1\"><li class=\"kadence-blocks-gallery-item\"><div class=\"kadence-blocks-gallery-item-inner\"><figure class=\"kb-gallery-figure kadence-blocks-gallery-item-has-caption\"><div class=\"kb-gal-image-radius\"><div class=\"kb-gallery-image-contain\" ><img decoding=\"async\" data-src=\"https:\/\/lejardindegwenn.fr\/wp-content\/uploads\/2026\/01\/galette1.jpg\"   alt=\"galettes des rois\" data-full-image=\"https:\/\/lejardindegwenn.fr\/wp-content\/uploads\/2026\/01\/galette1.jpg\" data-light-image=\"https:\/\/lejardindegwenn.fr\/wp-content\/uploads\/2026\/01\/galette1.jpg\" data-id=\"5027\" class=\"wp-image-5027 lazyload\" src=\"data:image\/svg+xml;base64,PHN2ZyB3aWR0aD0iMSIgaGVpZ2h0PSIxIiB4bWxucz0iaHR0cDovL3d3dy53My5vcmcvMjAwMC9zdmciPjwvc3ZnPg==\" style=\"--smush-placeholder-width: 4000px; --smush-placeholder-aspect-ratio: 4000\/6000;\" \/><\/div><div class=\"kadence-blocks-gallery-item__caption\">Les fleurs sont ajout\u00e9es uniquement pour la photo, le visuel n&rsquo;est donc pas contractuel<\/div><\/div><\/figure><\/div><\/li><\/ul><\/div>\n\n<style>.wp-block-kadence-advancedheading.kt-adv-heading5025_e2ee7d-fb, .wp-block-kadence-advancedheading.kt-adv-heading5025_e2ee7d-fb[data-kb-block=\"kb-adv-heading5025_e2ee7d-fb\"]{text-align:center;font-size:var(--global-kb-font-size-md, 1.25rem);font-style:normal;font-family:\"Palatino Linotype\", \"Book Antiqua\", Palatino, serif;color:#0a4731;}.wp-block-kadence-advancedheading.kt-adv-heading5025_e2ee7d-fb mark.kt-highlight, .wp-block-kadence-advancedheading.kt-adv-heading5025_e2ee7d-fb[data-kb-block=\"kb-adv-heading5025_e2ee7d-fb\"] mark.kt-highlight{font-style:normal;color:#f76a0c;-webkit-box-decoration-break:clone;box-decoration-break:clone;padding-top:0px;padding-right:0px;padding-bottom:0px;padding-left:0px;}<\/style>\n<p class=\"kt-adv-heading5025_e2ee7d-fb wp-block-kadence-advancedheading\" data-kb-block=\"kb-adv-heading5025_e2ee7d-fb\">La <strong>galette frangipane<\/strong>, grande incontournable, s\u00e9duit par son \u00e9quilibre parfait entre une cr\u00e8me d\u2019amandes fondante et un feuilletage dor\u00e9, l\u00e9ger et d\u00e9licatement caram\u00e9lis\u00e9. Un classique r\u00e9confortant, appr\u00e9ci\u00e9 de tous les amateurs de traditions.<\/p>\n\n\n<style>.wp-block-kadence-advancedheading.kt-adv-heading5025_bd702d-bd, .wp-block-kadence-advancedheading.kt-adv-heading5025_bd702d-bd[data-kb-block=\"kb-adv-heading5025_bd702d-bd\"]{text-align:center;font-size:var(--global-kb-font-size-md, 1.25rem);font-style:normal;font-family:\"Palatino Linotype\", \"Book Antiqua\", Palatino, serif;color:#0a4731;}.wp-block-kadence-advancedheading.kt-adv-heading5025_bd702d-bd mark.kt-highlight, .wp-block-kadence-advancedheading.kt-adv-heading5025_bd702d-bd[data-kb-block=\"kb-adv-heading5025_bd702d-bd\"] mark.kt-highlight{font-style:normal;color:#f76a0c;-webkit-box-decoration-break:clone;box-decoration-break:clone;padding-top:0px;padding-right:0px;padding-bottom:0px;padding-left:0px;}<\/style>\n<p class=\"kt-adv-heading5025_bd702d-bd wp-block-kadence-advancedheading\" data-kb-block=\"kb-adv-heading5025_bd702d-bd\">Pour les palais en qu\u00eate d\u2019originalit\u00e9, laissez-vous tenter par notre <strong>galette pistache &amp; framboises<\/strong>. La douceur intense de la pistache s\u2019associe \u00e0 la fra\u00eecheur l\u00e9g\u00e8rement acidul\u00e9e de la framboise. Vous offrant une explosion de saveurs \u00e0 la fois raffin\u00e9e et audacieuse.<\/p>\n\n\n<style>.wp-block-kadence-advancedheading.kt-adv-heading5025_155f72-a3, .wp-block-kadence-advancedheading.kt-adv-heading5025_155f72-a3[data-kb-block=\"kb-adv-heading5025_155f72-a3\"]{text-align:center;font-size:var(--global-kb-font-size-md, 1.25rem);font-style:normal;font-family:\"Palatino Linotype\", \"Book Antiqua\", Palatino, serif;color:#0a4731;}.wp-block-kadence-advancedheading.kt-adv-heading5025_155f72-a3 mark.kt-highlight, .wp-block-kadence-advancedheading.kt-adv-heading5025_155f72-a3[data-kb-block=\"kb-adv-heading5025_155f72-a3\"] mark.kt-highlight{font-style:normal;color:#f76a0c;-webkit-box-decoration-break:clone;box-decoration-break:clone;padding-top:0px;padding-right:0px;padding-bottom:0px;padding-left:0px;}<\/style>\n<p class=\"kt-adv-heading5025_155f72-a3 wp-block-kadence-advancedheading\" data-kb-block=\"kb-adv-heading5025_155f72-a3\">Enfin, la <strong>galette poire &amp; chocolat<\/strong> ravira les plus gourmands. Le fondant du chocolat se marie harmonieusement \u00e0 la douceur fruit\u00e9e de la poire, pour une recette g\u00e9n\u00e9reuse.<\/p>\n\n\n<style>.wp-block-kadence-advancedheading.kt-adv-heading5025_6e41f1-fc, .wp-block-kadence-advancedheading.kt-adv-heading5025_6e41f1-fc[data-kb-block=\"kb-adv-heading5025_6e41f1-fc\"]{text-align:center;font-size:var(--global-kb-font-size-md, 1.25rem);font-style:normal;font-family:\"Palatino Linotype\", \"Book Antiqua\", Palatino, serif;color:#0a4731;}.wp-block-kadence-advancedheading.kt-adv-heading5025_6e41f1-fc mark.kt-highlight, .wp-block-kadence-advancedheading.kt-adv-heading5025_6e41f1-fc[data-kb-block=\"kb-adv-heading5025_6e41f1-fc\"] mark.kt-highlight{font-style:normal;color:#f76a0c;-webkit-box-decoration-break:clone;box-decoration-break:clone;padding-top:0px;padding-right:0px;padding-bottom:0px;padding-left:0px;}<\/style>\n<p class=\"kt-adv-heading5025_6e41f1-fc wp-block-kadence-advancedheading\" data-kb-block=\"kb-adv-heading5025_6e41f1-fc\">Nos galettes sont disponibles en plusieurs formats pour s\u2019adapter \u00e0 toutes les envies :<br>\u2013 <strong>4 personnes : 16 \u20ac<\/strong><br>\u2013 <strong>6 personnes : 23 \u20ac<\/strong><br>\u2013 <strong>Individuelle : 4,50 \u20ac<\/strong><\/p>\n\n\n<style>.wp-block-kadence-advancedheading.kt-adv-heading5025_c7de23-98, .wp-block-kadence-advancedheading.kt-adv-heading5025_c7de23-98[data-kb-block=\"kb-adv-heading5025_c7de23-98\"]{text-align:center;font-size:var(--global-kb-font-size-md, 1.25rem);font-style:normal;font-family:\"Palatino Linotype\", \"Book Antiqua\", Palatino, serif;color:#0a4731;}.wp-block-kadence-advancedheading.kt-adv-heading5025_c7de23-98 mark.kt-highlight, .wp-block-kadence-advancedheading.kt-adv-heading5025_c7de23-98[data-kb-block=\"kb-adv-heading5025_c7de23-98\"] mark.kt-highlight{font-style:normal;color:#f76a0c;-webkit-box-decoration-break:clone;box-decoration-break:clone;padding-top:0px;padding-right:0px;padding-bottom:0px;padding-left:0px;}<\/style>\n<p class=\"kt-adv-heading5025_c7de23-98 wp-block-kadence-advancedheading\" data-kb-block=\"kb-adv-heading5025_c7de23-98\">Vous pouvez <strong>commander d\u00e8s maintenant au 02 56 31 86 01<\/strong>, ou simplement venir directement \u00e0 la p\u00e2tisserie pour un achat sans r\u00e9servation.  <\/p>\n\n\n<style>.wp-block-kadence-advancedheading.kt-adv-heading5025_6d73d2-53, .wp-block-kadence-advancedheading.kt-adv-heading5025_6d73d2-53[data-kb-block=\"kb-adv-heading5025_6d73d2-53\"]{text-align:center;font-size:var(--global-kb-font-size-md, 1.25rem);font-style:normal;font-family:\"Palatino Linotype\", \"Book Antiqua\", Palatino, serif;color:#0a4731;}.wp-block-kadence-advancedheading.kt-adv-heading5025_6d73d2-53 mark.kt-highlight, .wp-block-kadence-advancedheading.kt-adv-heading5025_6d73d2-53[data-kb-block=\"kb-adv-heading5025_6d73d2-53\"] mark.kt-highlight{font-style:normal;color:#f76a0c;-webkit-box-decoration-break:clone;box-decoration-break:clone;padding-top:0px;padding-right:0px;padding-bottom:0px;padding-left:0px;}<\/style>\n<p class=\"kt-adv-heading5025_6d73d2-53 wp-block-kadence-advancedheading\" data-kb-block=\"kb-adv-heading5025_6d73d2-53\">Que ce soit pour un moment convivial en famille, entre amis ou une pause gourmande en solo, nos galettes des rois sauront faire de chaque d\u00e9gustation un instant de plaisir. <strong>Disponibles tout le mois de janvier<\/strong>, ne tardez pas \u00e0 venir d\u00e9couvrir votre saveur pr\u00e9f\u00e9r\u00e9e\u2026 et trouver la f\u00e8ve ! \ud83d\udc51\ud83e\udd67<\/p>\n","protected":false},"excerpt":{"rendered":"<p>NOS GALETTES DES ROIS D\u00e9couvrez nos galettes des rois, imagin\u00e9es pour c\u00e9l\u00e9brer l\u2019\u00c9piphanie avec gourmandise tout au long du mois de janvier. \u00c9labor\u00e9es dans notre p\u00e2tisserie, elles allient feuilletage croustillant et garnitures g\u00e9n\u00e9reuses. La galette frangipane, grande incontournable, s\u00e9duit par son \u00e9quilibre parfait entre une cr\u00e8me d\u2019amandes fondante et un feuilletage dor\u00e9, l\u00e9ger et d\u00e9licatement &hellip; <\/p>\n<p class=\"link-more\"><a href=\"https:\/\/lejardindegwenn.fr\/index.php\/galettes-des-rois\/\" class=\"more-link\">Lire la suite de<span class=\"screen-reader-text\">\u00ab\u00a0Galettes des rois\u00a0\u00bb<\/span><\/a><\/p>\n","protected":false},"author":1,"featured_media":0,"parent":0,"menu_order":0,"comment_status":"closed","ping_status":"closed","template":"","meta":{"_monsterinsights_skip_tracking":false,"_monsterinsights_sitenote_active":false,"_monsterinsights_sitenote_note":"","_monsterinsights_sitenote_category":0,"footnotes":""},"class_list":["post-5025","page","type-page","status-publish","hentry"],"yoast_head":"<!-- This site is optimized with the Yoast SEO plugin v26.1.1 - https:\/\/yoast.com\/wordpress\/plugins\/seo\/ -->\n<title>Galettes des rois - Le Jardin de Gwenn<\/title>\n<meta name=\"robots\" content=\"index, follow, max-snippet:-1, max-image-preview:large, max-video-preview:-1\" \/>\n<link rel=\"canonical\" href=\"https:\/\/lejardindegwenn.fr\/index.php\/galettes-des-rois\/\" \/>\n<meta property=\"og:locale\" content=\"fr_FR\" \/>\n<meta property=\"og:type\" content=\"article\" \/>\n<meta property=\"og:title\" content=\"Galettes des rois - Le Jardin de Gwenn\" \/>\n<meta property=\"og:description\" content=\"NOS GALETTES DES ROIS D\u00e9couvrez nos galettes des rois, imagin\u00e9es pour c\u00e9l\u00e9brer l\u2019\u00c9piphanie avec gourmandise tout au long du mois de janvier. \u00c9labor\u00e9es dans notre p\u00e2tisserie, elles allient feuilletage croustillant et garnitures g\u00e9n\u00e9reuses. La galette frangipane, grande incontournable, s\u00e9duit par son \u00e9quilibre parfait entre une cr\u00e8me d\u2019amandes fondante et un feuilletage dor\u00e9, l\u00e9ger et d\u00e9licatement &hellip; Lire la suite de\u00ab\u00a0Galettes des rois\u00a0\u00bb\" \/>\n<meta property=\"og:url\" content=\"https:\/\/lejardindegwenn.fr\/index.php\/galettes-des-rois\/\" \/>\n<meta property=\"og:site_name\" content=\"Le Jardin de Gwenn\" \/>\n<meta property=\"article:publisher\" content=\"https:\/\/www.facebook.com\/lejardindegwenn\/?locale=fr_FR\" \/>\n<meta property=\"article:modified_time\" content=\"2026-01-09T09:50:21+00:00\" \/>\n<meta name=\"twitter:card\" content=\"summary_large_image\" \/>\n<meta name=\"twitter:label1\" content=\"Dur\u00e9e de lecture estim\u00e9e\" \/>\n\t<meta name=\"twitter:data1\" content=\"2 minutes\" \/>\n<script type=\"application\/ld+json\" class=\"yoast-schema-graph\">{\"@context\":\"https:\/\/schema.org\",\"@graph\":[{\"@type\":\"WebPage\",\"@id\":\"https:\/\/lejardindegwenn.fr\/index.php\/galettes-des-rois\/\",\"url\":\"https:\/\/lejardindegwenn.fr\/index.php\/galettes-des-rois\/\",\"name\":\"Galettes des rois - Le Jardin de Gwenn\",\"isPartOf\":{\"@id\":\"https:\/\/lejardindegwenn.fr\/#website\"},\"datePublished\":\"2026-01-09T09:37:37+00:00\",\"dateModified\":\"2026-01-09T09:50:21+00:00\",\"breadcrumb\":{\"@id\":\"https:\/\/lejardindegwenn.fr\/index.php\/galettes-des-rois\/#breadcrumb\"},\"inLanguage\":\"fr-FR\",\"potentialAction\":[{\"@type\":\"ReadAction\",\"target\":[\"https:\/\/lejardindegwenn.fr\/index.php\/galettes-des-rois\/\"]}]},{\"@type\":\"BreadcrumbList\",\"@id\":\"https:\/\/lejardindegwenn.fr\/index.php\/galettes-des-rois\/#breadcrumb\",\"itemListElement\":[{\"@type\":\"ListItem\",\"position\":1,\"name\":\"Accueil\",\"item\":\"https:\/\/lejardindegwenn.fr\/\"},{\"@type\":\"ListItem\",\"position\":2,\"name\":\"Galettes des rois\"}]},{\"@type\":\"WebSite\",\"@id\":\"https:\/\/lejardindegwenn.fr\/#website\",\"url\":\"https:\/\/lejardindegwenn.fr\/\",\"name\":\"Le Jardin de Gwenn\",\"description\":\"Restaurant @ P\u00e2tisserie \u00e0 Brest\",\"publisher\":{\"@id\":\"https:\/\/lejardindegwenn.fr\/#organization\"},\"potentialAction\":[{\"@type\":\"SearchAction\",\"target\":{\"@type\":\"EntryPoint\",\"urlTemplate\":\"https:\/\/lejardindegwenn.fr\/?s={search_term_string}\"},\"query-input\":{\"@type\":\"PropertyValueSpecification\",\"valueRequired\":true,\"valueName\":\"search_term_string\"}}],\"inLanguage\":\"fr-FR\"},{\"@type\":\"Organization\",\"@id\":\"https:\/\/lejardindegwenn.fr\/#organization\",\"name\":\"Le Jardin de Gwenn\",\"url\":\"https:\/\/lejardindegwenn.fr\/\",\"logo\":{\"@type\":\"ImageObject\",\"inLanguage\":\"fr-FR\",\"@id\":\"https:\/\/lejardindegwenn.fr\/#\/schema\/logo\/image\/\",\"url\":\"https:\/\/lejardindegwenn.fr\/wp-content\/uploads\/2022\/12\/cropped-Logo-jdg-.png\",\"contentUrl\":\"https:\/\/lejardindegwenn.fr\/wp-content\/uploads\/2022\/12\/cropped-Logo-jdg-.png\",\"width\":615,\"height\":406,\"caption\":\"Le Jardin de Gwenn\"},\"image\":{\"@id\":\"https:\/\/lejardindegwenn.fr\/#\/schema\/logo\/image\/\"},\"sameAs\":[\"https:\/\/www.facebook.com\/lejardindegwenn\/?locale=fr_FR\",\"https:\/\/www.instagram.com\/le_jardin_de_gwenn\/?hl=fr\"]}]}<\/script>\n<!-- \/ Yoast SEO plugin. -->","yoast_head_json":{"title":"Galettes des rois - Le Jardin de Gwenn","robots":{"index":"index","follow":"follow","max-snippet":"max-snippet:-1","max-image-preview":"max-image-preview:large","max-video-preview":"max-video-preview:-1"},"canonical":"https:\/\/lejardindegwenn.fr\/index.php\/galettes-des-rois\/","og_locale":"fr_FR","og_type":"article","og_title":"Galettes des rois - Le Jardin de Gwenn","og_description":"NOS GALETTES DES ROIS D\u00e9couvrez nos galettes des rois, imagin\u00e9es pour c\u00e9l\u00e9brer l\u2019\u00c9piphanie avec gourmandise tout au long du mois de janvier. \u00c9labor\u00e9es dans notre p\u00e2tisserie, elles allient feuilletage croustillant et garnitures g\u00e9n\u00e9reuses. La galette frangipane, grande incontournable, s\u00e9duit par son \u00e9quilibre parfait entre une cr\u00e8me d\u2019amandes fondante et un feuilletage dor\u00e9, l\u00e9ger et d\u00e9licatement &hellip; Lire la suite de\u00ab\u00a0Galettes des rois\u00a0\u00bb","og_url":"https:\/\/lejardindegwenn.fr\/index.php\/galettes-des-rois\/","og_site_name":"Le Jardin de Gwenn","article_publisher":"https:\/\/www.facebook.com\/lejardindegwenn\/?locale=fr_FR","article_modified_time":"2026-01-09T09:50:21+00:00","twitter_card":"summary_large_image","twitter_misc":{"Dur\u00e9e de lecture estim\u00e9e":"2 minutes"},"schema":{"@context":"https:\/\/schema.org","@graph":[{"@type":"WebPage","@id":"https:\/\/lejardindegwenn.fr\/index.php\/galettes-des-rois\/","url":"https:\/\/lejardindegwenn.fr\/index.php\/galettes-des-rois\/","name":"Galettes des rois - Le Jardin de Gwenn","isPartOf":{"@id":"https:\/\/lejardindegwenn.fr\/#website"},"datePublished":"2026-01-09T09:37:37+00:00","dateModified":"2026-01-09T09:50:21+00:00","breadcrumb":{"@id":"https:\/\/lejardindegwenn.fr\/index.php\/galettes-des-rois\/#breadcrumb"},"inLanguage":"fr-FR","potentialAction":[{"@type":"ReadAction","target":["https:\/\/lejardindegwenn.fr\/index.php\/galettes-des-rois\/"]}]},{"@type":"BreadcrumbList","@id":"https:\/\/lejardindegwenn.fr\/index.php\/galettes-des-rois\/#breadcrumb","itemListElement":[{"@type":"ListItem","position":1,"name":"Accueil","item":"https:\/\/lejardindegwenn.fr\/"},{"@type":"ListItem","position":2,"name":"Galettes des rois"}]},{"@type":"WebSite","@id":"https:\/\/lejardindegwenn.fr\/#website","url":"https:\/\/lejardindegwenn.fr\/","name":"Le Jardin de Gwenn","description":"Restaurant @ P\u00e2tisserie \u00e0 Brest","publisher":{"@id":"https:\/\/lejardindegwenn.fr\/#organization"},"potentialAction":[{"@type":"SearchAction","target":{"@type":"EntryPoint","urlTemplate":"https:\/\/lejardindegwenn.fr\/?s={search_term_string}"},"query-input":{"@type":"PropertyValueSpecification","valueRequired":true,"valueName":"search_term_string"}}],"inLanguage":"fr-FR"},{"@type":"Organization","@id":"https:\/\/lejardindegwenn.fr\/#organization","name":"Le Jardin de Gwenn","url":"https:\/\/lejardindegwenn.fr\/","logo":{"@type":"ImageObject","inLanguage":"fr-FR","@id":"https:\/\/lejardindegwenn.fr\/#\/schema\/logo\/image\/","url":"https:\/\/lejardindegwenn.fr\/wp-content\/uploads\/2022\/12\/cropped-Logo-jdg-.png","contentUrl":"https:\/\/lejardindegwenn.fr\/wp-content\/uploads\/2022\/12\/cropped-Logo-jdg-.png","width":615,"height":406,"caption":"Le Jardin de Gwenn"},"image":{"@id":"https:\/\/lejardindegwenn.fr\/#\/schema\/logo\/image\/"},"sameAs":["https:\/\/www.facebook.com\/lejardindegwenn\/?locale=fr_FR","https:\/\/www.instagram.com\/le_jardin_de_gwenn\/?hl=fr"]}]}},"jetpack_sharing_enabled":true,"_links":{"self":[{"href":"https:\/\/lejardindegwenn.fr\/index.php\/wp-json\/wp\/v2\/pages\/5025","targetHints":{"allow":["GET"]}}],"collection":[{"href":"https:\/\/lejardindegwenn.fr\/index.php\/wp-json\/wp\/v2\/pages"}],"about":[{"href":"https:\/\/lejardindegwenn.fr\/index.php\/wp-json\/wp\/v2\/types\/page"}],"author":[{"embeddable":true,"href":"https:\/\/lejardindegwenn.fr\/index.php\/wp-json\/wp\/v2\/users\/1"}],"replies":[{"embeddable":true,"href":"https:\/\/lejardindegwenn.fr\/index.php\/wp-json\/wp\/v2\/comments?post=5025"}],"version-history":[{"count":2,"href":"https:\/\/lejardindegwenn.fr\/index.php\/wp-json\/wp\/v2\/pages\/5025\/revisions"}],"predecessor-version":[{"id":5032,"href":"https:\/\/lejardindegwenn.fr\/index.php\/wp-json\/wp\/v2\/pages\/5025\/revisions\/5032"}],"wp:attachment":[{"href":"https:\/\/lejardindegwenn.fr\/index.php\/wp-json\/wp\/v2\/media?parent=5025"}],"curies":[{"name":"wp","href":"https:\/\/api.w.org\/{rel}","templated":true}]}}