{"id":3427,"date":"2024-11-01T11:17:20","date_gmt":"2024-11-01T10:17:20","guid":{"rendered":"https:\/\/lejardindegwenn.fr\/?post_type=product&#038;p=3427"},"modified":"2025-09-24T12:45:10","modified_gmt":"2025-09-24T10:45:10","slug":"number-apero-2-chiffres","status":"publish","type":"product","link":"https:\/\/lejardindegwenn.fr\/index.php\/produit\/number-apero-2-chiffres\/","title":{"rendered":"Number ap\u00e9ro &#8211; 2 chiffres"},"content":{"rendered":"<div>\n<p>UNIQUEMENT EN CLICK&amp;COLLECT AU 1 RUE SAINT MARTIN &#8211; BREST<\/p>\n<\/div>\n<p>Nous vous proposons un double Number ap\u00e9ro \u00e0 emporter du mardi au dimanche. Commande par t\u00e9l\u00e9phone pour le dimanche.<\/p>\n<p>Ces derniers se composent d&rsquo;une base en cake moelleux, d&rsquo;une cr\u00e8me mont\u00e9e ch\u00e8vre\/miel assaisonn\u00e9e avec des herbes et \u00e9pices douces et de charcuteries ainsi que de crudit\u00e9s.<\/p>\n<p>Nous indiquer les chiffres dans la note lors de la commande.<\/p>\n<p>Retrait du mardi au dimanche UNIQUEMENT sur les heures d&rsquo;ouvertures.<\/p>\n<p>&nbsp;<\/p>\n","protected":false},"excerpt":{"rendered":"<p>Nous vous proposons un double Number ap\u00e9ro \u00e0 emporter du mercredi au dimanche. Version 2 chiffres. Commande par t\u00e9l\u00e9phone pour le dimanche.<\/p>\n<p>Nous indiquer les chiffres dans la note lors de la commande.<\/p>\n<p>Ces derniers se composent d&rsquo;une base en cake moelleux, d&rsquo;une cr\u00e8me mont\u00e9e ch\u00e8vre\/miel assaisonn\u00e9e avec des herbes et \u00e9pices douces et de charcuteries ainsi que de crudit\u00e9s.<\/p>\n","protected":false},"featured_media":3424,"comment_status":"open","ping_status":"closed","template":"","meta":{"_monsterinsights_skip_tracking":false,"_monsterinsights_sitenote_active":false,"_monsterinsights_sitenote_note":"","_monsterinsights_sitenote_category":0},"product_brand":[],"product_cat":[27],"product_tag":[],"class_list":{"0":"post-3427","1":"product","2":"type-product","3":"status-publish","4":"has-post-thumbnail","6":"product_cat-non-classe","8":"first","9":"instock","10":"taxable","11":"shipping-taxable","12":"purchasable","13":"product-type-simple"},"yoast_head":"<!-- This site is optimized with the Yoast SEO plugin v26.1.1 - https:\/\/yoast.com\/wordpress\/plugins\/seo\/ -->\n<title>Number ap\u00e9ro - 2 chiffres - Le Jardin de Gwenn<\/title>\n<meta name=\"description\" content=\"Retrouvez notre number ap\u00e9ro compos\u00e9 d&#039;une base avec cake moelleux sal\u00e9, de charcuterie, d&#039;une ganache al\u00e9e et de crudit\u00e9s. Format \u00e0 partager.\" \/>\n<meta name=\"robots\" content=\"index, follow, max-snippet:-1, max-image-preview:large, max-video-preview:-1\" \/>\n<link rel=\"canonical\" href=\"https:\/\/lejardindegwenn.fr\/index.php\/produit\/number-apero-2-chiffres\/\" \/>\n<meta property=\"og:locale\" content=\"fr_FR\" \/>\n<meta property=\"og:type\" content=\"article\" \/>\n<meta property=\"og:title\" content=\"Number ap\u00e9ro - 2 chiffres - Le Jardin de Gwenn\" \/>\n<meta property=\"og:description\" content=\"Retrouvez notre number ap\u00e9ro compos\u00e9 d&#039;une base avec cake moelleux sal\u00e9, de charcuterie, d&#039;une ganache al\u00e9e et de crudit\u00e9s. Format \u00e0 partager.\" \/>\n<meta property=\"og:url\" content=\"https:\/\/lejardindegwenn.fr\/index.php\/produit\/number-apero-2-chiffres\/\" \/>\n<meta property=\"og:site_name\" content=\"Le Jardin de Gwenn\" \/>\n<meta property=\"article:publisher\" content=\"https:\/\/www.facebook.com\/lejardindegwenn\/?locale=fr_FR\" \/>\n<meta property=\"article:modified_time\" content=\"2025-09-24T10:45:10+00:00\" \/>\n<meta property=\"og:image\" content=\"https:\/\/lejardindegwenn.fr\/wp-content\/uploads\/2024\/10\/numberapero-2.jpg\" \/>\n\t<meta property=\"og:image:width\" content=\"1\" \/>\n\t<meta property=\"og:image:height\" content=\"1\" \/>\n\t<meta property=\"og:image:type\" content=\"image\/jpeg\" \/>\n<meta name=\"twitter:card\" content=\"summary_large_image\" \/>\n<meta name=\"twitter:label1\" content=\"Dur\u00e9e de lecture estim\u00e9e\" \/>\n\t<meta name=\"twitter:data1\" content=\"1 minute\" \/>\n<script type=\"application\/ld+json\" class=\"yoast-schema-graph\">{\"@context\":\"https:\/\/schema.org\",\"@graph\":[{\"@type\":\"WebPage\",\"@id\":\"https:\/\/lejardindegwenn.fr\/index.php\/produit\/number-apero-2-chiffres\/\",\"url\":\"https:\/\/lejardindegwenn.fr\/index.php\/produit\/number-apero-2-chiffres\/\",\"name\":\"Number ap\u00e9ro - 2 chiffres - Le Jardin de Gwenn\",\"isPartOf\":{\"@id\":\"https:\/\/lejardindegwenn.fr\/#website\"},\"primaryImageOfPage\":{\"@id\":\"https:\/\/lejardindegwenn.fr\/index.php\/produit\/number-apero-2-chiffres\/#primaryimage\"},\"image\":{\"@id\":\"https:\/\/lejardindegwenn.fr\/index.php\/produit\/number-apero-2-chiffres\/#primaryimage\"},\"thumbnailUrl\":\"https:\/\/lejardindegwenn.fr\/wp-content\/uploads\/2024\/10\/numberapero-2.jpg\",\"datePublished\":\"2024-11-01T10:17:20+00:00\",\"dateModified\":\"2025-09-24T10:45:10+00:00\",\"description\":\"Retrouvez notre number ap\u00e9ro compos\u00e9 d'une base avec cake moelleux sal\u00e9, de charcuterie, d'une ganache al\u00e9e et de crudit\u00e9s. Format \u00e0 partager.\",\"breadcrumb\":{\"@id\":\"https:\/\/lejardindegwenn.fr\/index.php\/produit\/number-apero-2-chiffres\/#breadcrumb\"},\"inLanguage\":\"fr-FR\",\"potentialAction\":[{\"@type\":\"ReadAction\",\"target\":[\"https:\/\/lejardindegwenn.fr\/index.php\/produit\/number-apero-2-chiffres\/\"]}]},{\"@type\":\"ImageObject\",\"inLanguage\":\"fr-FR\",\"@id\":\"https:\/\/lejardindegwenn.fr\/index.php\/produit\/number-apero-2-chiffres\/#primaryimage\",\"url\":\"https:\/\/lejardindegwenn.fr\/wp-content\/uploads\/2024\/10\/numberapero-2.jpg\",\"contentUrl\":\"https:\/\/lejardindegwenn.fr\/wp-content\/uploads\/2024\/10\/numberapero-2.jpg\",\"caption\":\"number ap\u00e9ro\"},{\"@type\":\"BreadcrumbList\",\"@id\":\"https:\/\/lejardindegwenn.fr\/index.php\/produit\/number-apero-2-chiffres\/#breadcrumb\",\"itemListElement\":[{\"@type\":\"ListItem\",\"position\":1,\"name\":\"Accueil\",\"item\":\"https:\/\/lejardindegwenn.fr\/\"},{\"@type\":\"ListItem\",\"position\":2,\"name\":\"Commande en ligne\",\"item\":\"https:\/\/lejardindegwenn.fr\/index.php\/commande-en-ligne\/\"},{\"@type\":\"ListItem\",\"position\":3,\"name\":\"Number ap\u00e9ro &#8211; 2 chiffres\"}]},{\"@type\":\"WebSite\",\"@id\":\"https:\/\/lejardindegwenn.fr\/#website\",\"url\":\"https:\/\/lejardindegwenn.fr\/\",\"name\":\"Le Jardin de Gwenn\",\"description\":\"Restaurant @ P\u00e2tisserie \u00e0 Brest\",\"publisher\":{\"@id\":\"https:\/\/lejardindegwenn.fr\/#organization\"},\"potentialAction\":[{\"@type\":\"SearchAction\",\"target\":{\"@type\":\"EntryPoint\",\"urlTemplate\":\"https:\/\/lejardindegwenn.fr\/?s={search_term_string}\"},\"query-input\":{\"@type\":\"PropertyValueSpecification\",\"valueRequired\":true,\"valueName\":\"search_term_string\"}}],\"inLanguage\":\"fr-FR\"},{\"@type\":\"Organization\",\"@id\":\"https:\/\/lejardindegwenn.fr\/#organization\",\"name\":\"Le Jardin de Gwenn\",\"url\":\"https:\/\/lejardindegwenn.fr\/\",\"logo\":{\"@type\":\"ImageObject\",\"inLanguage\":\"fr-FR\",\"@id\":\"https:\/\/lejardindegwenn.fr\/#\/schema\/logo\/image\/\",\"url\":\"https:\/\/lejardindegwenn.fr\/wp-content\/uploads\/2022\/12\/cropped-Logo-jdg-.png\",\"contentUrl\":\"https:\/\/lejardindegwenn.fr\/wp-content\/uploads\/2022\/12\/cropped-Logo-jdg-.png\",\"width\":615,\"height\":406,\"caption\":\"Le Jardin de Gwenn\"},\"image\":{\"@id\":\"https:\/\/lejardindegwenn.fr\/#\/schema\/logo\/image\/\"},\"sameAs\":[\"https:\/\/www.facebook.com\/lejardindegwenn\/?locale=fr_FR\",\"https:\/\/www.instagram.com\/le_jardin_de_gwenn\/?hl=fr\"]}]}<\/script>\n<!-- \/ Yoast SEO plugin. -->","yoast_head_json":{"title":"Number ap\u00e9ro - 2 chiffres - Le Jardin de Gwenn","description":"Retrouvez notre number ap\u00e9ro compos\u00e9 d'une base avec cake moelleux sal\u00e9, de charcuterie, d'une ganache al\u00e9e et de crudit\u00e9s. Format \u00e0 partager.","robots":{"index":"index","follow":"follow","max-snippet":"max-snippet:-1","max-image-preview":"max-image-preview:large","max-video-preview":"max-video-preview:-1"},"canonical":"https:\/\/lejardindegwenn.fr\/index.php\/produit\/number-apero-2-chiffres\/","og_locale":"fr_FR","og_type":"article","og_title":"Number ap\u00e9ro - 2 chiffres - Le Jardin de Gwenn","og_description":"Retrouvez notre number ap\u00e9ro compos\u00e9 d'une base avec cake moelleux sal\u00e9, de charcuterie, d'une ganache al\u00e9e et de crudit\u00e9s. Format \u00e0 partager.","og_url":"https:\/\/lejardindegwenn.fr\/index.php\/produit\/number-apero-2-chiffres\/","og_site_name":"Le Jardin de Gwenn","article_publisher":"https:\/\/www.facebook.com\/lejardindegwenn\/?locale=fr_FR","article_modified_time":"2025-09-24T10:45:10+00:00","og_image":[{"url":"https:\/\/lejardindegwenn.fr\/wp-content\/uploads\/2024\/10\/numberapero-2.jpg","width":1,"height":1,"type":"image\/jpeg"}],"twitter_card":"summary_large_image","twitter_misc":{"Dur\u00e9e de lecture estim\u00e9e":"1 minute"},"schema":{"@context":"https:\/\/schema.org","@graph":[{"@type":"WebPage","@id":"https:\/\/lejardindegwenn.fr\/index.php\/produit\/number-apero-2-chiffres\/","url":"https:\/\/lejardindegwenn.fr\/index.php\/produit\/number-apero-2-chiffres\/","name":"Number ap\u00e9ro - 2 chiffres - Le Jardin de Gwenn","isPartOf":{"@id":"https:\/\/lejardindegwenn.fr\/#website"},"primaryImageOfPage":{"@id":"https:\/\/lejardindegwenn.fr\/index.php\/produit\/number-apero-2-chiffres\/#primaryimage"},"image":{"@id":"https:\/\/lejardindegwenn.fr\/index.php\/produit\/number-apero-2-chiffres\/#primaryimage"},"thumbnailUrl":"https:\/\/lejardindegwenn.fr\/wp-content\/uploads\/2024\/10\/numberapero-2.jpg","datePublished":"2024-11-01T10:17:20+00:00","dateModified":"2025-09-24T10:45:10+00:00","description":"Retrouvez notre number ap\u00e9ro compos\u00e9 d'une base avec cake moelleux sal\u00e9, de charcuterie, d'une ganache al\u00e9e et de crudit\u00e9s. Format \u00e0 partager.","breadcrumb":{"@id":"https:\/\/lejardindegwenn.fr\/index.php\/produit\/number-apero-2-chiffres\/#breadcrumb"},"inLanguage":"fr-FR","potentialAction":[{"@type":"ReadAction","target":["https:\/\/lejardindegwenn.fr\/index.php\/produit\/number-apero-2-chiffres\/"]}]},{"@type":"ImageObject","inLanguage":"fr-FR","@id":"https:\/\/lejardindegwenn.fr\/index.php\/produit\/number-apero-2-chiffres\/#primaryimage","url":"https:\/\/lejardindegwenn.fr\/wp-content\/uploads\/2024\/10\/numberapero-2.jpg","contentUrl":"https:\/\/lejardindegwenn.fr\/wp-content\/uploads\/2024\/10\/numberapero-2.jpg","caption":"number ap\u00e9ro"},{"@type":"BreadcrumbList","@id":"https:\/\/lejardindegwenn.fr\/index.php\/produit\/number-apero-2-chiffres\/#breadcrumb","itemListElement":[{"@type":"ListItem","position":1,"name":"Accueil","item":"https:\/\/lejardindegwenn.fr\/"},{"@type":"ListItem","position":2,"name":"Commande en ligne","item":"https:\/\/lejardindegwenn.fr\/index.php\/commande-en-ligne\/"},{"@type":"ListItem","position":3,"name":"Number ap\u00e9ro &#8211; 2 chiffres"}]},{"@type":"WebSite","@id":"https:\/\/lejardindegwenn.fr\/#website","url":"https:\/\/lejardindegwenn.fr\/","name":"Le Jardin de Gwenn","description":"Restaurant @ P\u00e2tisserie \u00e0 Brest","publisher":{"@id":"https:\/\/lejardindegwenn.fr\/#organization"},"potentialAction":[{"@type":"SearchAction","target":{"@type":"EntryPoint","urlTemplate":"https:\/\/lejardindegwenn.fr\/?s={search_term_string}"},"query-input":{"@type":"PropertyValueSpecification","valueRequired":true,"valueName":"search_term_string"}}],"inLanguage":"fr-FR"},{"@type":"Organization","@id":"https:\/\/lejardindegwenn.fr\/#organization","name":"Le Jardin de Gwenn","url":"https:\/\/lejardindegwenn.fr\/","logo":{"@type":"ImageObject","inLanguage":"fr-FR","@id":"https:\/\/lejardindegwenn.fr\/#\/schema\/logo\/image\/","url":"https:\/\/lejardindegwenn.fr\/wp-content\/uploads\/2022\/12\/cropped-Logo-jdg-.png","contentUrl":"https:\/\/lejardindegwenn.fr\/wp-content\/uploads\/2022\/12\/cropped-Logo-jdg-.png","width":615,"height":406,"caption":"Le Jardin de Gwenn"},"image":{"@id":"https:\/\/lejardindegwenn.fr\/#\/schema\/logo\/image\/"},"sameAs":["https:\/\/www.facebook.com\/lejardindegwenn\/?locale=fr_FR","https:\/\/www.instagram.com\/le_jardin_de_gwenn\/?hl=fr"]}]}},"jetpack_sharing_enabled":true,"_links":{"self":[{"href":"https:\/\/lejardindegwenn.fr\/index.php\/wp-json\/wp\/v2\/product\/3427","targetHints":{"allow":["GET"]}}],"collection":[{"href":"https:\/\/lejardindegwenn.fr\/index.php\/wp-json\/wp\/v2\/product"}],"about":[{"href":"https:\/\/lejardindegwenn.fr\/index.php\/wp-json\/wp\/v2\/types\/product"}],"replies":[{"embeddable":true,"href":"https:\/\/lejardindegwenn.fr\/index.php\/wp-json\/wp\/v2\/comments?post=3427"}],"wp:featuredmedia":[{"embeddable":true,"href":"https:\/\/lejardindegwenn.fr\/index.php\/wp-json\/wp\/v2\/media\/3424"}],"wp:attachment":[{"href":"https:\/\/lejardindegwenn.fr\/index.php\/wp-json\/wp\/v2\/media?parent=3427"}],"wp:term":[{"taxonomy":"product_brand","embeddable":true,"href":"https:\/\/lejardindegwenn.fr\/index.php\/wp-json\/wp\/v2\/product_brand?post=3427"},{"taxonomy":"product_cat","embeddable":true,"href":"https:\/\/lejardindegwenn.fr\/index.php\/wp-json\/wp\/v2\/product_cat?post=3427"},{"taxonomy":"product_tag","embeddable":true,"href":"https:\/\/lejardindegwenn.fr\/index.php\/wp-json\/wp\/v2\/product_tag?post=3427"}],"curies":[{"name":"wp","href":"https:\/\/api.w.org\/{rel}","templated":true}]}}