{"id":3545,"date":"2024-11-28T17:51:28","date_gmt":"2024-11-28T16:51:28","guid":{"rendered":"https:\/\/lejardindegwenn.fr\/?post_type=product&#038;p=3545"},"modified":"2026-04-09T18:44:41","modified_gmt":"2026-04-09T16:44:41","slug":"bon-cadeau-petite-box-apero-ou-brunch","status":"publish","type":"product","link":"https:\/\/lejardindegwenn.fr\/index.php\/produit\/bon-cadeau-petite-box-apero-ou-brunch\/","title":{"rendered":"Bon cadeau Petite box Ap\u00e9ro"},"content":{"rendered":"<p>Nous vous proposons de commander un bon cadeau num\u00e9rique d&rsquo;une valeur de 24\u20ac pour une petite box ap\u00e9ro. \u00a0<em>Pour ceux qui peuvent se d\u00e9placer au restaurant et \u00e0 la p\u00e2tisserie cela sera plus simple de r\u00e9aliser vos bons cadeaux en direct.<\/em><\/p>\n<p>Bien lire avant de proc\u00e9der \u00e0 l&rsquo;achat :<\/p>\n<ul>\n<li>Le bon cadeau est \u00e0 commander via notre service click&amp;collect MAIS il sera envoy\u00e9 par <strong>MAIL<\/strong>. Un cr\u00e9neau \u00a0de retrait + adresse vous sera demand\u00e9, mais c&rsquo;est juste pour valider la commande, il ne faudra pas en tenir compte. Il faudra \u00e9galement imp\u00e9rativement effectuer un <strong>paiement en ligne<\/strong>, sinon la commande sera annul\u00e9e.<\/li>\n<li>Le bon cadeau sera envoy\u00e9 par mail, le visuel est diff\u00e9rent de celui pr\u00e9sent\u00e9 sur la photo. (Il s&rsquo;agit du bon cadeau papier \u00e0 retrouver au restaurant et \u00e0 la p\u00e2tisserie)<\/li>\n<li>Le bon cadeau est \u00e0 <strong>usage unique, <\/strong>nous y avons ajouter une s\u00e9curit\u00e9 pour qu&rsquo;il ne soit utilis\u00e9 qu&rsquo;une fois.<\/li>\n<li>Si vous souhaitez offrir plusieurs box pour un seul bon cadeau, il faudra tout d&rsquo;abord ajouter le nombre exact de bon (par exemple 2 box donc 2 bons cadeaux) dans votre panier et notifier le souhait de lier les diff\u00e9rentes boxs dans les d\u00e9tails de la commande.<\/li>\n<li>Si vous souhaitez plusieurs bons cadeaux pour plusieurs personnes diff\u00e9rentes, alors juste les ajouter au panier et ne rien \u00e9crire en suppl\u00e9ment.<\/li>\n<li>Il y a un d\u00e9lai de 24h00 pour l&rsquo;envoie du bon cadeau, cela peut prendre plusieurs jours, selon le jour de commande.<\/li>\n<\/ul>\n","protected":false},"excerpt":{"rendered":"<p>Nous vous proposons de commander un bon cadeau num\u00e9rique d&rsquo;une valeur de 24\u20ac pour une petite box au choix ap\u00e9ro. \u00a0Un cadeau original pour les f\u00eates. <em>Pour ceux qui peuvent se d\u00e9placer au restaurant et \u00e0 la p\u00e2tisserie cela sera plus simple de r\u00e9aliser vos bons cadeaux en direct.<\/em><\/p>\n<p>Bien lire avant de proc\u00e9der \u00e0 l&rsquo;achat :<\/p>\n<ul>\n<li>Le bon cadeau est \u00e0 commander via notre service click&amp;collect MAIS il sera envoy\u00e9 par <strong>MAIL<\/strong>. Un cr\u00e9neau \u00a0de retrait + adresse vous sera demand\u00e9, mais c&rsquo;est juste pour valider la commande, il ne faudra pas en tenir compte. Il faudra \u00e9galement imp\u00e9rativement effectuer un <strong>paiement en ligne<\/strong>, sinon la commande sera annul\u00e9e.<\/li>\n<li>Le bon cadeau sera envoy\u00e9 par mail, le visuel est diff\u00e9rent de celui pr\u00e9sent\u00e9 sur la photo. (Il s&rsquo;agit du bon cadeau papier \u00e0 retrouver au restaurant et \u00e0 la p\u00e2tisserie)<\/li>\n<li>Le bon cadeau est \u00e0 <strong>usage unique<\/strong>.<\/li>\n<li>Si vous souhaitez offrir plusieurs box pour un seul bon cadeau, il faudra tout d&rsquo;abord ajouter le nombre exact de bon (par exemple 2 box donc 2 bons cadeaux) dans votre panier et notifier le souhait de lier les diff\u00e9rentes boxs dans les d\u00e9tails de la commande.<\/li>\n<li>Si vous souhaitez plusieurs bons cadeaux pour plusieurs personnes diff\u00e9rentes, alors juste les ajouter au panier et ne rien \u00e9crire en suppl\u00e9ment.<\/li>\n<li>Il y a un d\u00e9lai de 24h00 pour l&rsquo;envoie du bon cadeau, cela peut prendre plusieurs jours, selon le jour de commande.<\/li>\n<\/ul>\n","protected":false},"featured_media":3544,"comment_status":"open","ping_status":"closed","template":"","meta":{"_monsterinsights_skip_tracking":false,"_monsterinsights_sitenote_active":false,"_monsterinsights_sitenote_note":"","_monsterinsights_sitenote_category":0},"product_brand":[],"product_cat":[35,28],"product_tag":[],"class_list":{"0":"post-3545","1":"product","2":"type-product","3":"status-publish","4":"has-post-thumbnail","6":"product_cat-bon-cadeau","7":"product_cat-box","9":"first","10":"instock","11":"taxable","12":"shipping-taxable","13":"purchasable","14":"product-type-simple"},"yoast_head":"<!-- This site is optimized with the Yoast SEO plugin v26.1.1 - https:\/\/yoast.com\/wordpress\/plugins\/seo\/ -->\n<title>Bon cadeau Petite box Ap\u00e9ro - Le Jardin de Gwenn<\/title>\n<meta name=\"robots\" content=\"index, follow, max-snippet:-1, max-image-preview:large, max-video-preview:-1\" \/>\n<link rel=\"canonical\" href=\"https:\/\/lejardindegwenn.fr\/index.php\/produit\/bon-cadeau-petite-box-apero-ou-brunch\/\" \/>\n<meta property=\"og:locale\" content=\"fr_FR\" \/>\n<meta property=\"og:type\" content=\"article\" \/>\n<meta property=\"og:title\" content=\"Bon cadeau Petite box Ap\u00e9ro - Le Jardin de Gwenn\" \/>\n<meta property=\"og:description\" content=\"Nous vous proposons de commander un bon cadeau num\u00e9rique d&#039;une valeur de 24\u20ac pour une petite box au choix ap\u00e9ro. \u00a0Un cadeau original pour les f\u00eates. Pour ceux qui peuvent se d\u00e9placer au restaurant et \u00e0 la p\u00e2tisserie cela sera plus simple de r\u00e9aliser vos bons cadeaux en direct.  Bien lire avant de proc\u00e9der \u00e0 l&#039;achat :   Le bon cadeau est \u00e0 commander via notre service click&amp;collect MAIS il sera envoy\u00e9 par MAIL. Un cr\u00e9neau \u00a0de retrait + adresse vous sera demand\u00e9, mais c&#039;est juste pour valider la commande, il ne faudra pas en tenir compte. Il faudra \u00e9galement imp\u00e9rativement effectuer un paiement en ligne, sinon la commande sera annul\u00e9e.  Le bon cadeau sera envoy\u00e9 par mail, le visuel est diff\u00e9rent de celui pr\u00e9sent\u00e9 sur la photo. (Il s&#039;agit du bon cadeau papier \u00e0 retrouver au restaurant et \u00e0 la p\u00e2tisserie)  Le bon cadeau est \u00e0 usage unique.  Si vous souhaitez offrir plusieurs box pour un seul bon cadeau, il faudra tout d&#039;abord ajouter le nombre exact de bon (par exemple 2 box donc 2 bons cadeaux) dans votre panier et notifier le souhait de lier les diff\u00e9rentes boxs dans les d\u00e9tails de la commande.  Si vous souhaitez plusieurs bons cadeaux pour plusieurs personnes diff\u00e9rentes, alors juste les ajouter au panier et ne rien \u00e9crire en suppl\u00e9ment.  Il y a un d\u00e9lai de 24h00 pour l&#039;envoie du bon cadeau, cela peut prendre plusieurs jours, selon le jour de commande.\" \/>\n<meta property=\"og:url\" content=\"https:\/\/lejardindegwenn.fr\/index.php\/produit\/bon-cadeau-petite-box-apero-ou-brunch\/\" \/>\n<meta property=\"og:site_name\" content=\"Le Jardin de Gwenn\" \/>\n<meta property=\"article:publisher\" content=\"https:\/\/www.facebook.com\/lejardindegwenn\/?locale=fr_FR\" \/>\n<meta property=\"article:modified_time\" content=\"2026-04-09T16:44:41+00:00\" \/>\n<meta property=\"og:image\" content=\"https:\/\/lejardindegwenn.fr\/wp-content\/uploads\/2024\/11\/boncasdeau1.jpg\" \/>\n\t<meta property=\"og:image:width\" content=\"1\" \/>\n\t<meta property=\"og:image:height\" content=\"1\" \/>\n\t<meta property=\"og:image:type\" content=\"image\/jpeg\" \/>\n<meta name=\"twitter:card\" content=\"summary_large_image\" \/>\n<meta name=\"twitter:label1\" content=\"Dur\u00e9e de lecture estim\u00e9e\" \/>\n\t<meta name=\"twitter:data1\" content=\"2 minutes\" \/>\n<script type=\"application\/ld+json\" class=\"yoast-schema-graph\">{\"@context\":\"https:\/\/schema.org\",\"@graph\":[{\"@type\":\"WebPage\",\"@id\":\"https:\/\/lejardindegwenn.fr\/index.php\/produit\/bon-cadeau-petite-box-apero-ou-brunch\/\",\"url\":\"https:\/\/lejardindegwenn.fr\/index.php\/produit\/bon-cadeau-petite-box-apero-ou-brunch\/\",\"name\":\"Bon cadeau Petite box Ap\u00e9ro - Le Jardin de Gwenn\",\"isPartOf\":{\"@id\":\"https:\/\/lejardindegwenn.fr\/#website\"},\"primaryImageOfPage\":{\"@id\":\"https:\/\/lejardindegwenn.fr\/index.php\/produit\/bon-cadeau-petite-box-apero-ou-brunch\/#primaryimage\"},\"image\":{\"@id\":\"https:\/\/lejardindegwenn.fr\/index.php\/produit\/bon-cadeau-petite-box-apero-ou-brunch\/#primaryimage\"},\"thumbnailUrl\":\"https:\/\/lejardindegwenn.fr\/wp-content\/uploads\/2024\/11\/boncasdeau1.jpg\",\"datePublished\":\"2024-11-28T16:51:28+00:00\",\"dateModified\":\"2026-04-09T16:44:41+00:00\",\"breadcrumb\":{\"@id\":\"https:\/\/lejardindegwenn.fr\/index.php\/produit\/bon-cadeau-petite-box-apero-ou-brunch\/#breadcrumb\"},\"inLanguage\":\"fr-FR\",\"potentialAction\":[{\"@type\":\"ReadAction\",\"target\":[\"https:\/\/lejardindegwenn.fr\/index.php\/produit\/bon-cadeau-petite-box-apero-ou-brunch\/\"]}]},{\"@type\":\"ImageObject\",\"inLanguage\":\"fr-FR\",\"@id\":\"https:\/\/lejardindegwenn.fr\/index.php\/produit\/bon-cadeau-petite-box-apero-ou-brunch\/#primaryimage\",\"url\":\"https:\/\/lejardindegwenn.fr\/wp-content\/uploads\/2024\/11\/boncasdeau1.jpg\",\"contentUrl\":\"https:\/\/lejardindegwenn.fr\/wp-content\/uploads\/2024\/11\/boncasdeau1.jpg\",\"caption\":\"bon cadeau ap\u00e9ro et brunch box brest\"},{\"@type\":\"BreadcrumbList\",\"@id\":\"https:\/\/lejardindegwenn.fr\/index.php\/produit\/bon-cadeau-petite-box-apero-ou-brunch\/#breadcrumb\",\"itemListElement\":[{\"@type\":\"ListItem\",\"position\":1,\"name\":\"Accueil\",\"item\":\"https:\/\/lejardindegwenn.fr\/\"},{\"@type\":\"ListItem\",\"position\":2,\"name\":\"Commande en ligne\",\"item\":\"https:\/\/lejardindegwenn.fr\/index.php\/commande-en-ligne\/\"},{\"@type\":\"ListItem\",\"position\":3,\"name\":\"Bon cadeau Petite box Ap\u00e9ro\"}]},{\"@type\":\"WebSite\",\"@id\":\"https:\/\/lejardindegwenn.fr\/#website\",\"url\":\"https:\/\/lejardindegwenn.fr\/\",\"name\":\"Le Jardin de Gwenn\",\"description\":\"Restaurant @ P\u00e2tisserie \u00e0 Brest\",\"publisher\":{\"@id\":\"https:\/\/lejardindegwenn.fr\/#organization\"},\"potentialAction\":[{\"@type\":\"SearchAction\",\"target\":{\"@type\":\"EntryPoint\",\"urlTemplate\":\"https:\/\/lejardindegwenn.fr\/?s={search_term_string}\"},\"query-input\":{\"@type\":\"PropertyValueSpecification\",\"valueRequired\":true,\"valueName\":\"search_term_string\"}}],\"inLanguage\":\"fr-FR\"},{\"@type\":\"Organization\",\"@id\":\"https:\/\/lejardindegwenn.fr\/#organization\",\"name\":\"Le Jardin de Gwenn\",\"url\":\"https:\/\/lejardindegwenn.fr\/\",\"logo\":{\"@type\":\"ImageObject\",\"inLanguage\":\"fr-FR\",\"@id\":\"https:\/\/lejardindegwenn.fr\/#\/schema\/logo\/image\/\",\"url\":\"https:\/\/lejardindegwenn.fr\/wp-content\/uploads\/2022\/12\/cropped-Logo-jdg-.png\",\"contentUrl\":\"https:\/\/lejardindegwenn.fr\/wp-content\/uploads\/2022\/12\/cropped-Logo-jdg-.png\",\"width\":615,\"height\":406,\"caption\":\"Le Jardin de Gwenn\"},\"image\":{\"@id\":\"https:\/\/lejardindegwenn.fr\/#\/schema\/logo\/image\/\"},\"sameAs\":[\"https:\/\/www.facebook.com\/lejardindegwenn\/?locale=fr_FR\",\"https:\/\/www.instagram.com\/le_jardin_de_gwenn\/?hl=fr\"]}]}<\/script>\n<!-- \/ Yoast SEO plugin. -->","yoast_head_json":{"title":"Bon cadeau Petite box Ap\u00e9ro - Le Jardin de Gwenn","robots":{"index":"index","follow":"follow","max-snippet":"max-snippet:-1","max-image-preview":"max-image-preview:large","max-video-preview":"max-video-preview:-1"},"canonical":"https:\/\/lejardindegwenn.fr\/index.php\/produit\/bon-cadeau-petite-box-apero-ou-brunch\/","og_locale":"fr_FR","og_type":"article","og_title":"Bon cadeau Petite box Ap\u00e9ro - Le Jardin de Gwenn","og_description":"Nous vous proposons de commander un bon cadeau num\u00e9rique d'une valeur de 24\u20ac pour une petite box au choix ap\u00e9ro. \u00a0Un cadeau original pour les f\u00eates. Pour ceux qui peuvent se d\u00e9placer au restaurant et \u00e0 la p\u00e2tisserie cela sera plus simple de r\u00e9aliser vos bons cadeaux en direct.  Bien lire avant de proc\u00e9der \u00e0 l'achat :   Le bon cadeau est \u00e0 commander via notre service click&amp;collect MAIS il sera envoy\u00e9 par MAIL. Un cr\u00e9neau \u00a0de retrait + adresse vous sera demand\u00e9, mais c'est juste pour valider la commande, il ne faudra pas en tenir compte. Il faudra \u00e9galement imp\u00e9rativement effectuer un paiement en ligne, sinon la commande sera annul\u00e9e.  Le bon cadeau sera envoy\u00e9 par mail, le visuel est diff\u00e9rent de celui pr\u00e9sent\u00e9 sur la photo. (Il s'agit du bon cadeau papier \u00e0 retrouver au restaurant et \u00e0 la p\u00e2tisserie)  Le bon cadeau est \u00e0 usage unique.  Si vous souhaitez offrir plusieurs box pour un seul bon cadeau, il faudra tout d'abord ajouter le nombre exact de bon (par exemple 2 box donc 2 bons cadeaux) dans votre panier et notifier le souhait de lier les diff\u00e9rentes boxs dans les d\u00e9tails de la commande.  Si vous souhaitez plusieurs bons cadeaux pour plusieurs personnes diff\u00e9rentes, alors juste les ajouter au panier et ne rien \u00e9crire en suppl\u00e9ment.  Il y a un d\u00e9lai de 24h00 pour l'envoie du bon cadeau, cela peut prendre plusieurs jours, selon le jour de commande.","og_url":"https:\/\/lejardindegwenn.fr\/index.php\/produit\/bon-cadeau-petite-box-apero-ou-brunch\/","og_site_name":"Le Jardin de Gwenn","article_publisher":"https:\/\/www.facebook.com\/lejardindegwenn\/?locale=fr_FR","article_modified_time":"2026-04-09T16:44:41+00:00","og_image":[{"url":"https:\/\/lejardindegwenn.fr\/wp-content\/uploads\/2024\/11\/boncasdeau1.jpg","width":1,"height":1,"type":"image\/jpeg"}],"twitter_card":"summary_large_image","twitter_misc":{"Dur\u00e9e de lecture estim\u00e9e":"2 minutes"},"schema":{"@context":"https:\/\/schema.org","@graph":[{"@type":"WebPage","@id":"https:\/\/lejardindegwenn.fr\/index.php\/produit\/bon-cadeau-petite-box-apero-ou-brunch\/","url":"https:\/\/lejardindegwenn.fr\/index.php\/produit\/bon-cadeau-petite-box-apero-ou-brunch\/","name":"Bon cadeau Petite box Ap\u00e9ro - Le Jardin de Gwenn","isPartOf":{"@id":"https:\/\/lejardindegwenn.fr\/#website"},"primaryImageOfPage":{"@id":"https:\/\/lejardindegwenn.fr\/index.php\/produit\/bon-cadeau-petite-box-apero-ou-brunch\/#primaryimage"},"image":{"@id":"https:\/\/lejardindegwenn.fr\/index.php\/produit\/bon-cadeau-petite-box-apero-ou-brunch\/#primaryimage"},"thumbnailUrl":"https:\/\/lejardindegwenn.fr\/wp-content\/uploads\/2024\/11\/boncasdeau1.jpg","datePublished":"2024-11-28T16:51:28+00:00","dateModified":"2026-04-09T16:44:41+00:00","breadcrumb":{"@id":"https:\/\/lejardindegwenn.fr\/index.php\/produit\/bon-cadeau-petite-box-apero-ou-brunch\/#breadcrumb"},"inLanguage":"fr-FR","potentialAction":[{"@type":"ReadAction","target":["https:\/\/lejardindegwenn.fr\/index.php\/produit\/bon-cadeau-petite-box-apero-ou-brunch\/"]}]},{"@type":"ImageObject","inLanguage":"fr-FR","@id":"https:\/\/lejardindegwenn.fr\/index.php\/produit\/bon-cadeau-petite-box-apero-ou-brunch\/#primaryimage","url":"https:\/\/lejardindegwenn.fr\/wp-content\/uploads\/2024\/11\/boncasdeau1.jpg","contentUrl":"https:\/\/lejardindegwenn.fr\/wp-content\/uploads\/2024\/11\/boncasdeau1.jpg","caption":"bon cadeau ap\u00e9ro et brunch box brest"},{"@type":"BreadcrumbList","@id":"https:\/\/lejardindegwenn.fr\/index.php\/produit\/bon-cadeau-petite-box-apero-ou-brunch\/#breadcrumb","itemListElement":[{"@type":"ListItem","position":1,"name":"Accueil","item":"https:\/\/lejardindegwenn.fr\/"},{"@type":"ListItem","position":2,"name":"Commande en ligne","item":"https:\/\/lejardindegwenn.fr\/index.php\/commande-en-ligne\/"},{"@type":"ListItem","position":3,"name":"Bon cadeau Petite box Ap\u00e9ro"}]},{"@type":"WebSite","@id":"https:\/\/lejardindegwenn.fr\/#website","url":"https:\/\/lejardindegwenn.fr\/","name":"Le Jardin de Gwenn","description":"Restaurant @ P\u00e2tisserie \u00e0 Brest","publisher":{"@id":"https:\/\/lejardindegwenn.fr\/#organization"},"potentialAction":[{"@type":"SearchAction","target":{"@type":"EntryPoint","urlTemplate":"https:\/\/lejardindegwenn.fr\/?s={search_term_string}"},"query-input":{"@type":"PropertyValueSpecification","valueRequired":true,"valueName":"search_term_string"}}],"inLanguage":"fr-FR"},{"@type":"Organization","@id":"https:\/\/lejardindegwenn.fr\/#organization","name":"Le Jardin de Gwenn","url":"https:\/\/lejardindegwenn.fr\/","logo":{"@type":"ImageObject","inLanguage":"fr-FR","@id":"https:\/\/lejardindegwenn.fr\/#\/schema\/logo\/image\/","url":"https:\/\/lejardindegwenn.fr\/wp-content\/uploads\/2022\/12\/cropped-Logo-jdg-.png","contentUrl":"https:\/\/lejardindegwenn.fr\/wp-content\/uploads\/2022\/12\/cropped-Logo-jdg-.png","width":615,"height":406,"caption":"Le Jardin de Gwenn"},"image":{"@id":"https:\/\/lejardindegwenn.fr\/#\/schema\/logo\/image\/"},"sameAs":["https:\/\/www.facebook.com\/lejardindegwenn\/?locale=fr_FR","https:\/\/www.instagram.com\/le_jardin_de_gwenn\/?hl=fr"]}]}},"jetpack_sharing_enabled":true,"_links":{"self":[{"href":"https:\/\/lejardindegwenn.fr\/index.php\/wp-json\/wp\/v2\/product\/3545","targetHints":{"allow":["GET"]}}],"collection":[{"href":"https:\/\/lejardindegwenn.fr\/index.php\/wp-json\/wp\/v2\/product"}],"about":[{"href":"https:\/\/lejardindegwenn.fr\/index.php\/wp-json\/wp\/v2\/types\/product"}],"replies":[{"embeddable":true,"href":"https:\/\/lejardindegwenn.fr\/index.php\/wp-json\/wp\/v2\/comments?post=3545"}],"wp:featuredmedia":[{"embeddable":true,"href":"https:\/\/lejardindegwenn.fr\/index.php\/wp-json\/wp\/v2\/media\/3544"}],"wp:attachment":[{"href":"https:\/\/lejardindegwenn.fr\/index.php\/wp-json\/wp\/v2\/media?parent=3545"}],"wp:term":[{"taxonomy":"product_brand","embeddable":true,"href":"https:\/\/lejardindegwenn.fr\/index.php\/wp-json\/wp\/v2\/product_brand?post=3545"},{"taxonomy":"product_cat","embeddable":true,"href":"https:\/\/lejardindegwenn.fr\/index.php\/wp-json\/wp\/v2\/product_cat?post=3545"},{"taxonomy":"product_tag","embeddable":true,"href":"https:\/\/lejardindegwenn.fr\/index.php\/wp-json\/wp\/v2\/product_tag?post=3545"}],"curies":[{"name":"wp","href":"https:\/\/api.w.org\/{rel}","templated":true}]}}